{"id":6100,"date":"2026-05-10T08:02:13","date_gmt":"2026-05-10T08:02:13","guid":{"rendered":"https:\/\/simla-piercing.com\/?post_type=product&#038;p=6100"},"modified":"2026-05-10T08:02:13","modified_gmt":"2026-05-10T08:02:13","slug":"dai-deo-khau-trang","status":"publish","type":"product","link":"https:\/\/simla-piercing.com\/vi\/san-pham\/new\/dai-deo-khau-trang\/","title":{"rendered":"\u0110ai \u0111eo kh\u1ea9u trang"},"content":{"rendered":"<p>\u0110ai \u0111eo kh\u1ea9u trang ch\u1ed1ng \u0111au tai _ T\u1eb6NG \u0110AI \u0110EO KH\u1ea8U TRANG KHI X\u1ece KHUY\u00caN T\u1ea0I SIMLA PIERCING<\/p>\n<p>*Ch\u1ea5t li\u1ec7u: Nh\u1ef1a TPR (c\u00f2n g\u1ecdi l\u00e0 nh\u1ef1a cao su nhi\u1ec7t d\u1ebbo)<\/p>\n<p>*K\u00edch th\u01b0\u1edbc: 2cmx17cm<\/p>\n<p>V\u1edbi ch\u1ea5t li\u1ec7u co gi\u00e3n m\u1ec1m m\u1ea1i cho \u0111\u1ed9 b\u00e1m d\u00ednh cao. Gi\u1eef d\u00e2y kh\u1ea9u trang kh\u00f4ng mi\u1ebft v\u00e0o v\u00e0nh tai g\u00e2y \u0111au tai. \u0110\u1eb7c bi\u1ec7t khuy\u00ean d\u00f9ng cho c\u00e1c l\u1ed7 x\u1ecf m\u1edbi. Gi\u1ea3m \u00e1p l\u1ef1c, ma s\u00e1t l\u00ean l\u1ed7 x\u1ecf. Gi\u00fap l\u1ed7 x\u1ecf l\u00e0nh thu\u1eadn l\u1ee3i h\u01a1n. \u0110eo \u0111\u01b0\u1ee3c cho c\u1ea3 ng\u01b0\u1eddi l\u1edbn v\u00e0 tr\u1ebb em. C\u00f3 4 n\u1ea5c c\u00e0i \u0111\u1ec3 \u0111i\u1ec1u ch\u1ec9nh size d\u1ec5 d\u00e0ng.<\/p>\n<p>HDSD: M\u00f3c ph\u1ea7n quai \u0111eo kh\u1ea9u trang v\u00e0o c\u00e1c m\u1eafc n\u1ed1i tr\u00ean \u0111ai \u0111eo, \u0111i\u1ec1u ch\u1ec9nh size cho ph\u00f9 h\u1ee3p v\u00e0 tho\u1ea3i m\u00e1i khi mang. \u0110ai \u0111eo c\u00f3 th\u1ec3 t\u00e1i s\u1eed d\u1ee5ng nhi\u1ec1u l\u1ea7n v\u00e0 d\u1ec5 d\u00e0ng v\u1ec7 sinh.<\/p>\n<p>#khautrang #chongdautai #khautrangyte #daideokhautrang #daichongdautai #d\u00e2y\u0111eokh\u1ea9utrang #d\u00e2y_\u0111eo_kh\u1ea9u_trang #daydeokhautrang #day_deo_khau_trang #m\u00f3c\u0111eokh\u1ea9utrang #mocdeokhautrang #\u0111ai\u0111eokh\u1ea9utrang #daideokhautrang #dai_deo_khau_trang #d\u00e2y\u0111eokh\u1ea9utrangtr\u1ebbem #daydeokhautrangtreem #day_deo_khau_trang_tre_em #d\u00e2y\u0111eokh\u1ea9utrangsilicon #d\u00e2y\u0111eokh\u1ea9utrangch\u1ed1ng\u0111autai #daydeokhautrangchongdautai #daydeokhautrangcholoxo #Simla #SimlaBodyJewelry #caocap #Simlaearring #khuyentaithep #khuyentaicatinh #khuyentron #khuyenbasic #hoatai #phukien #thoi #trang<\/p>","protected":false},"excerpt":{"rendered":"<p>\u0110ai \u0111eo kh\u1ea9u trang ch\u1ed1ng \u0111au tai _ T\u1eb6NG \u0110AI \u0110EO KH\u1ea8U TRANG KHI X\u1ece KHUY\u00caN T\u1ea0I SIMLA PIERCING *Ch\u1ea5t li\u1ec7u: Nh\u1ef1a TPR (c\u00f2n g\u1ecdi l\u00e0 nh\u1ef1a cao su nhi\u1ec7t d\u1ebbo) *K\u00edch th\u01b0\u1edbc: 2cmx17cm V\u1edbi ch\u1ea5t li\u1ec7u co gi\u00e3n m\u1ec1m m\u1ea1i cho \u0111\u1ed9 b\u00e1m d\u00ednh cao. Gi\u1eef d\u00e2y kh\u1ea9u trang kh\u00f4ng mi\u1ebft v\u00e0o v\u00e0nh tai [&hellip;]<\/p>","protected":false},"featured_media":6105,"comment_status":"open","ping_status":"closed","template":"","meta":{"_et_pb_use_builder":"","_et_pb_old_content":"","_et_gb_content_width":""},"pwb-brand":[132],"product_brand":[],"product_cat":[18],"product_tag":[],"class_list":{"0":"post-6100","1":"product","2":"type-product","3":"status-publish","4":"has-post-thumbnail","6":"pwb-brand-simla","7":"product_cat-new","9":"first","10":"instock","11":"shipping-taxable","12":"purchasable","13":"product-type-variable"},"jetpack_sharing_enabled":true,"brands":[{"id":132,"name":"Simla","slug":"simla"}],"_links":{"self":[{"href":"https:\/\/simla-piercing.com\/vi\/wp-json\/wp\/v2\/product\/6100","targetHints":{"allow":["GET"]}}],"collection":[{"href":"https:\/\/simla-piercing.com\/vi\/wp-json\/wp\/v2\/product"}],"about":[{"href":"https:\/\/simla-piercing.com\/vi\/wp-json\/wp\/v2\/types\/product"}],"replies":[{"embeddable":true,"href":"https:\/\/simla-piercing.com\/vi\/wp-json\/wp\/v2\/comments?post=6100"}],"wp:featuredmedia":[{"embeddable":true,"href":"https:\/\/simla-piercing.com\/vi\/wp-json\/wp\/v2\/media\/6105"}],"wp:attachment":[{"href":"https:\/\/simla-piercing.com\/vi\/wp-json\/wp\/v2\/media?parent=6100"}],"wp:term":[{"taxonomy":"pwb-brand","embeddable":true,"href":"https:\/\/simla-piercing.com\/vi\/wp-json\/wp\/v2\/pwb-brand?post=6100"},{"taxonomy":"product_brand","embeddable":true,"href":"https:\/\/simla-piercing.com\/vi\/wp-json\/wp\/v2\/product_brand?post=6100"},{"taxonomy":"product_cat","embeddable":true,"href":"https:\/\/simla-piercing.com\/vi\/wp-json\/wp\/v2\/product_cat?post=6100"},{"taxonomy":"product_tag","embeddable":true,"href":"https:\/\/simla-piercing.com\/vi\/wp-json\/wp\/v2\/product_tag?post=6100"}],"curies":[{"name":"wp","href":"https:\/\/api.w.org\/{rel}","templated":true}]}}