{"id":6089,"date":"2026-05-10T07:48:07","date_gmt":"2026-05-10T07:48:07","guid":{"rendered":"https:\/\/simla-piercing.com\/?post_type=product&#038;p=6089"},"modified":"2026-05-10T07:48:07","modified_gmt":"2026-05-10T07:48:07","slug":"nuoc-muoi-vo-trung-ve-sinh-lo-xo","status":"publish","type":"product","link":"https:\/\/simla-piercing.com\/vi\/san-pham\/new\/nuoc-muoi-vo-trung-ve-sinh-lo-xo\/","title":{"rendered":"N\u01b0\u1edbc mu\u1ed1i v\u00f4 tr\u00f9ng v\u1ec7 sinh l\u1ed7 x\u1ecf"},"content":{"rendered":"<p>Th\u00f4ng tin s\u1ea3n ph\u1ea9m<\/p>\n<p>H2Ocean &#8211; EXP 06\/2027<\/p>\n<p>Dung t\u00edch: 120ml<\/p>\n<p>Ra \u0111\u1eddi v\u00e0o n\u0103m 2001 t\u1ea1i Florida, M\u1ef9. H2Ocean l\u00e0 c\u00f4ng ty ti\u00ean phong v\u00e0 h\u00e0ng \u0111\u1ea7u th\u1ebf gi\u1edbi v\u1ec1 c\u00e1c s\u1ea3n ph\u1ea9m ch\u0103m s\u00f3c chuy\u00ean d\u1ee5ng trong x\u0103m m\u00ecnh v\u00e0 x\u1ecf khuy\u00ean v\u1edbi h\u01a1n 5.000 \u0111\u1ecba \u0111i\u1ec3m b\u00e1n l\u1ebb ch\u1ec9 ri\u00eang t\u1ea1i M\u1ef9. Nh\u1eefng s\u1ea3n ph\u1ea9m c\u1ee7a H2Ocean l\u00e0m l\u00e0nh c\u01a1 th\u1ec3 nhanh h\u01a1n v\u00ec \u0111\u01b0\u1ee3c l\u00e0m t\u1eeb mu\u1ed1i bi\u1ec3n gi\u00e0u kho\u00e1ng ch\u1ea5t ch\u01b0a tinh ch\u1ebf thu ho\u1ea1ch t\u1eeb h\u1ec7 sinh th\u00e1i \u0111a d\u1ea1ng nh\u1ea5t th\u1ebf gi\u1edbi \u2013 Bi\u1ec3n \u0110\u1ecf (the Red Sea).<\/p>\n<p>H2Ocean Piercing Aftercare Spray (X\u1ecbt ch\u0103m s\u00f3c sau x\u1ecf)<\/p>\n<p>\u2022 S\u1ea3n ph\u1ea9m ch\u0103m s\u00f3c d\u00e0nh cho c\u00e1c l\u1ed7 x\u1ecf khuy\u00ean (c\u00f3 th\u1ec3 s\u1eed d\u1ee5ng cho t\u1ea5t c\u1ea3 c\u00e1c v\u1ecb tr\u00ed x\u1ecf khuy\u00ean c\u01a1 th\u1ec3).<\/p>\n<p>\u2022 L\u00e0 ch\u1ea5t kh\u1eed tr\u00f9ng t\u1ef1 nhi\u00ean, ch\u1ed1ng vi\u00eam v\u00e0 gi\u00fap l\u1ed7 x\u1ecf nhanh l\u00e0nh h\u01a1n.<\/p>\n<p>\u2022 V\u1edbi lysozyme gi\u00fap lo\u1ea1i b\u1ecf c\u00e1c ch\u1ea5t th\u1ea3i, d\u1ecbch b\u1ea1ch huy\u1ebft v\u00e0 c\u00e1c v\u1ea5n \u0111\u1ec1 b\u1ea5t th\u01b0\u1eddng g\u1eb7p \u1edf l\u1ed7 x\u1ecf m\u1edbi ho\u1eb7c nh\u1eefng c\u01a1 \u0111\u1ecba kh\u00f3 l\u00e0nh.<\/p>\n<p>\u2022 Th\u00e0nh ph\u1ea7n thi\u00ean nhi\u00ean t\u1eeb mu\u1ed1i bi\u1ec3n \u0111\u1ecf (Red Sea) gi\u00e0u kho\u00e1ng ch\u1ea5t, an to\u00e0n cho m\u1ecdi lo\u1ea1i da.<\/p>\n<p>\u2022 82 kho\u00e1ng ch\u1ea5t vi l\u01b0\u1ee3ng trong mu\u1ed1i bi\u1ec3n l\u00e0m gi\u1ea3m v\u00e0 d\u1ecbu t\u00ecnh t\u00ecnh tr\u1ea1ng vi\u00eam da, cung c\u1ea5p dinh d\u01b0\u1ee1ng t\u1ed1i \u01b0u cho c\u00e1c t\u1ebf b\u00e0o s\u1ed1ng.<\/p>\n<p>\u2022 Kh\u00f4ng ch\u1ee9a Gluten.<\/p>\n<p>\u2022 Ho\u00e0n to\u00e0n v\u00f4 tr\u00f9ng, kh\u00f4ng g\u00e2y nhi\u1ec5m b\u1ea9n ch\u00e9o. Kh\u00f4ng g\u00e2y nhi\u1ec5m b\u1ea9n ch\u00e9o.<\/p>\n<p>\u2022 Kh\u00f4ng th\u1eed nghi\u1ec7m tr\u00ean \u0111\u1ed9ng v\u1eadt.<\/p>\n<p>\u2022 C\u00e1ch s\u1eed d\u1ee5ng d\u1ec5 d\u00e0ng v\u00e0 ti\u1ec7n l\u1ee3i v\u1edbi d\u1ea1ng x\u1ecbt phun s\u01b0\u01a1ng, th\u1ea9m th\u1ea5u nhanh.<\/p>\n<p>&#8211; H\u01af\u1edaNG D\u1eaaN S\u1eec D\u1ee4NG:<\/p>\n<p>X\u1ecbt tr\u1ef1c ti\u1ebfp l\u00ean hai m\u1eb7t c\u1ee7a l\u1ed7 x\u1ecf v\u00e0 \u0111\u1ec3 kh\u00f4 t\u1ef1 nhi\u00ean. S\u1eed d\u1ee5ng t\u1eeb 2-3 l\u1ea7n\/ng\u00e0y cho t\u1edbi khi l\u1ed7 x\u1ecf l\u00e0nh. N\u1ebfu c\u1ea7n thi\u1ebft c\u00f3 th\u1ec3 d\u00f9ng t\u0103m b\u00f4ng s\u1ea1ch lau l\u1ea1i sau khi x\u1ecbt. Khi d\u00f9ng x\u1ecbt H2Ocean b\u1ea1n kh\u00f4ng c\u1ea7n ph\u1ea3i d\u00f9ng th\u00eam c\u00e1c sp v\u1ec7 sinh l\u1ed7 x\u1ecf n\u00e0o kh\u00e1c n\u1eefa.<\/p>\n<p>Nh\u1eadp tr\u1ef1c ti\u1ebfp t\u1eeb website c\u1ee7a h\u00e3ng v\u00e0 v\u1eadn chuy\u1ec3n v\u1ec1 b\u1eb1ng \u0111\u01b0\u1eddng h\u00e0ng kh\u00f4ng.<\/p>\n<p>***\u0110\u1ed0I V\u1edaI C\u00c1C \u0110\u01a0N H\u00c0NG ONLINE, SBJ XIN PH\u00c9P M\u1ede SEAL S\u1ea2N PH\u1ea8M TR\u01af\u1edaC \u0110\u1ec2 CHECK H\u00c0NG CHO KH\u00c1CH TR\u00c1NH TR\u01af\u1edcNG H\u1ee2P S\u1ea2N PH\u1ea8M B\u1eca L\u1ed6I KH\u00d4NG X\u1ecaT \u0110\u01af\u1ee2C. (M\u1ed6I \u0110\u01a0N H\u00c0NG KHI \u0110\u00d3NG G\u00d3I B\u00caN SHOP \u0110\u1ec0U C\u00d3 QUAY VIDEO L\u1ea0I \u0110\u1ec2 \u0110\u1ea2M B\u1ea2O T\u00cdNH MINH B\u1ea0CH V\u1edaI KH\u00c1CH H\u00c0NG, KH\u00c1CH H\u00c0NG C\u00d3 TH\u1ec2 Y\u00caU C\u1ea6U XEM VIDEO G\u00d3I S\u1ea2N PH\u1ea8M N\u1ebeU C\u1ea6N).<\/p>","protected":false},"excerpt":{"rendered":"<p>Th\u00f4ng tin s\u1ea3n ph\u1ea9m H2Ocean &#8211; EXP 06\/2027 Dung t\u00edch: 120ml Ra \u0111\u1eddi v\u00e0o n\u0103m 2001 t\u1ea1i Florida, M\u1ef9. H2Ocean l\u00e0 c\u00f4ng ty ti\u00ean phong v\u00e0 h\u00e0ng \u0111\u1ea7u th\u1ebf gi\u1edbi v\u1ec1 c\u00e1c s\u1ea3n ph\u1ea9m ch\u0103m s\u00f3c chuy\u00ean d\u1ee5ng trong x\u0103m m\u00ecnh v\u00e0 x\u1ecf khuy\u00ean v\u1edbi h\u01a1n 5.000 \u0111\u1ecba \u0111i\u1ec3m b\u00e1n l\u1ebb ch\u1ec9 ri\u00eang t\u1ea1i M\u1ef9. [&hellip;]<\/p>","protected":false},"featured_media":6091,"comment_status":"open","ping_status":"closed","template":"","meta":{"_et_pb_use_builder":"","_et_pb_old_content":"","_et_gb_content_width":""},"pwb-brand":[132],"product_brand":[],"product_cat":[18],"product_tag":[],"class_list":{"0":"post-6089","1":"product","2":"type-product","3":"status-publish","4":"has-post-thumbnail","6":"pwb-brand-simla","7":"product_cat-new","9":"first","10":"instock","11":"shipping-taxable","12":"purchasable","13":"product-type-simple"},"jetpack_sharing_enabled":true,"brands":[{"id":132,"name":"Simla","slug":"simla"}],"_links":{"self":[{"href":"https:\/\/simla-piercing.com\/vi\/wp-json\/wp\/v2\/product\/6089","targetHints":{"allow":["GET"]}}],"collection":[{"href":"https:\/\/simla-piercing.com\/vi\/wp-json\/wp\/v2\/product"}],"about":[{"href":"https:\/\/simla-piercing.com\/vi\/wp-json\/wp\/v2\/types\/product"}],"replies":[{"embeddable":true,"href":"https:\/\/simla-piercing.com\/vi\/wp-json\/wp\/v2\/comments?post=6089"}],"wp:featuredmedia":[{"embeddable":true,"href":"https:\/\/simla-piercing.com\/vi\/wp-json\/wp\/v2\/media\/6091"}],"wp:attachment":[{"href":"https:\/\/simla-piercing.com\/vi\/wp-json\/wp\/v2\/media?parent=6089"}],"wp:term":[{"taxonomy":"pwb-brand","embeddable":true,"href":"https:\/\/simla-piercing.com\/vi\/wp-json\/wp\/v2\/pwb-brand?post=6089"},{"taxonomy":"product_brand","embeddable":true,"href":"https:\/\/simla-piercing.com\/vi\/wp-json\/wp\/v2\/product_brand?post=6089"},{"taxonomy":"product_cat","embeddable":true,"href":"https:\/\/simla-piercing.com\/vi\/wp-json\/wp\/v2\/product_cat?post=6089"},{"taxonomy":"product_tag","embeddable":true,"href":"https:\/\/simla-piercing.com\/vi\/wp-json\/wp\/v2\/product_tag?post=6089"}],"curies":[{"name":"wp","href":"https:\/\/api.w.org\/{rel}","templated":true}]}}