{"id":6085,"date":"2026-05-10T07:44:03","date_gmt":"2026-05-10T07:44:03","guid":{"rendered":"https:\/\/simla-piercing.com\/?post_type=product&#038;p=6085"},"modified":"2026-05-10T07:44:03","modified_gmt":"2026-05-10T07:44:03","slug":"tinh-dau-tea-tree-ho-tro-tri-bump","status":"publish","type":"product","link":"https:\/\/simla-piercing.com\/vi\/san-pham\/new\/tinh-dau-tea-tree-ho-tro-tri-bump\/","title":{"rendered":"Tinh d\u1ea7u tea tree h\u1ed7 tr\u1ee3 tr\u1ecb bump"},"content":{"rendered":"<p>\ud83c\udf3f Tinh d\u1ea7u Tr\u00e0m Tr\u00e0 (Tea Tree Oil) &#8211; 5ml (Mini size)<\/p>\n<p>Th\u00e0nh ph\u1ea7n: Tinh d\u1ea7u Tr\u00e0m Tr\u00e0 nguy\u00ean ch\u1ea5t (Melaleuca alternifolia) \u00dac<\/p>\n<p>Th\u00f4ng tin s\u1ea3n ph\u1ea9m v\u00e0 h\u01b0\u1edbng d\u1eabn s\u1eed d\u1ee5ng vui l\u00f2ng xem t\u1ea1i ph\u1ea7n h\u00ecnh \u1ea3nh s\u1ea3n ph\u1ea9m.<\/p>\n<p>\u26a0\ufe0f Simla khuy\u1ebfn ngh\u1ecb \u0111\u1ecdc k\u1ef9 h\u01b0\u1edbng d\u1eabn tr\u01b0\u1edbc khi s\u1eed d\u1ee5ng \u0111\u1ec3 \u0111\u1ea3m b\u1ea3o an to\u00e0n v\u00e0 hi\u1ec7u qu\u1ea3.<\/p>","protected":false},"excerpt":{"rendered":"<p>\ud83c\udf3f Tinh d\u1ea7u Tr\u00e0m Tr\u00e0 (Tea Tree Oil) &#8211; 5ml (Mini size) Th\u00e0nh ph\u1ea7n: Tinh d\u1ea7u Tr\u00e0m Tr\u00e0 nguy\u00ean ch\u1ea5t (Melaleuca alternifolia) \u00dac Th\u00f4ng tin s\u1ea3n ph\u1ea9m v\u00e0 h\u01b0\u1edbng d\u1eabn s\u1eed d\u1ee5ng vui l\u00f2ng xem t\u1ea1i ph\u1ea7n h\u00ecnh \u1ea3nh s\u1ea3n ph\u1ea9m. \u26a0\ufe0f Simla khuy\u1ebfn ngh\u1ecb \u0111\u1ecdc k\u1ef9 h\u01b0\u1edbng d\u1eabn tr\u01b0\u1edbc khi s\u1eed d\u1ee5ng \u0111\u1ec3 \u0111\u1ea3m [&hellip;]<\/p>","protected":false},"featured_media":6086,"comment_status":"open","ping_status":"closed","template":"","meta":{"_et_pb_use_builder":"","_et_pb_old_content":"","_et_gb_content_width":""},"pwb-brand":[132],"product_brand":[],"product_cat":[18],"product_tag":[],"class_list":{"0":"post-6085","1":"product","2":"type-product","3":"status-publish","4":"has-post-thumbnail","6":"pwb-brand-simla","7":"product_cat-new","9":"first","10":"instock","11":"shipping-taxable","12":"purchasable","13":"product-type-simple"},"jetpack_sharing_enabled":true,"brands":[{"id":132,"name":"Simla","slug":"simla"}],"_links":{"self":[{"href":"https:\/\/simla-piercing.com\/vi\/wp-json\/wp\/v2\/product\/6085","targetHints":{"allow":["GET"]}}],"collection":[{"href":"https:\/\/simla-piercing.com\/vi\/wp-json\/wp\/v2\/product"}],"about":[{"href":"https:\/\/simla-piercing.com\/vi\/wp-json\/wp\/v2\/types\/product"}],"replies":[{"embeddable":true,"href":"https:\/\/simla-piercing.com\/vi\/wp-json\/wp\/v2\/comments?post=6085"}],"wp:featuredmedia":[{"embeddable":true,"href":"https:\/\/simla-piercing.com\/vi\/wp-json\/wp\/v2\/media\/6086"}],"wp:attachment":[{"href":"https:\/\/simla-piercing.com\/vi\/wp-json\/wp\/v2\/media?parent=6085"}],"wp:term":[{"taxonomy":"pwb-brand","embeddable":true,"href":"https:\/\/simla-piercing.com\/vi\/wp-json\/wp\/v2\/pwb-brand?post=6085"},{"taxonomy":"product_brand","embeddable":true,"href":"https:\/\/simla-piercing.com\/vi\/wp-json\/wp\/v2\/product_brand?post=6085"},{"taxonomy":"product_cat","embeddable":true,"href":"https:\/\/simla-piercing.com\/vi\/wp-json\/wp\/v2\/product_cat?post=6085"},{"taxonomy":"product_tag","embeddable":true,"href":"https:\/\/simla-piercing.com\/vi\/wp-json\/wp\/v2\/product_tag?post=6085"}],"curies":[{"name":"wp","href":"https:\/\/api.w.org\/{rel}","templated":true}]}}