{"id":5147,"date":"2026-05-01T03:09:28","date_gmt":"2026-05-01T03:09:28","guid":{"rendered":"https:\/\/simla-piercing.com\/?post_type=product&#038;p=5147"},"modified":"2026-05-01T03:09:29","modified_gmt":"2026-05-01T03:09:29","slug":"khuyen-ron-trong-suot-giu-lo","status":"publish","type":"product","link":"https:\/\/simla-piercing.com\/vi\/san-pham\/location\/navel\/khuyen-ron-trong-suot-giu-lo\/","title":{"rendered":"Khuy\u00ean r\u1ed1n trong su\u1ed1t gi\u1eef l\u1ed7"},"content":{"rendered":"<p>KHUY\u00caN R\u1ed0N TRONG SU\u1ed0T NH\u1ef0A ACRYLIC NH\u1eacP KH\u1ea8U M\u1ef8\/ TRUNG<\/p>\n<p>_ Khuy\u00ean r\u1ed1n \u0111eo gi\u1eef l\u1ed7<\/p>\n<p>_ Ch\u1ec9 d\u00e0nh cho l\u1ed7 x\u1ecf \u0111\u00e3 l\u00e0nh<\/p>\n<p>_ Ho\u00e0n to\u00e0n kh\u00f4ng g\u00e2y k\u00edch \u1ee9ng<\/p>\n<p>_ Tho\u1ea3i m\u00e1i khi \u0111eo, \u0111\u1eb7c bi\u1ec7t khi b\u1ea1n ph\u1ea3i v\u1eadn \u0111\u1ed9ng nhi\u1ec1u, \u0111eo \u0111i h\u1ecdc\/ \u0111i l\u00e0m<\/p>\n<p>_ Nh\u1eadp kh\u1ea9u t\u1eeb c\u00e1c th\u01b0\u01a1ng hi\u1ec7u khuy\u00ean body t\u1ea1i M\u1ef9<\/p>\n<p>_ S\u1ea3n ph\u1ea9m an to\u00e0n v\u00e0 l\u00e0nh t\u00ednh<\/p>\n<p>#khuyentai #bongtai #trangsuc #phukienthoitrang #khuyencothe #khuyentainam #khuyentainu #khuyentaiunisex #khuyentailaplanh #khuyentaidep #khuyenkep #khuyentai2lo #khuyentaisaigon #khuyentaitphcm #khuyentaida #khuyentaigia #khuyentaihelix #khuyentaivong #khuyen #tai #khuyentaibac #bongtaibac #bac #Simla #SimlaBodyJewelry #caocap #Simlaearring #khuyentaithep #khuyentaicatinh #khuyentron #khuyenbasic #hoatai #phukien #thoi #trang #datrang<\/p>","protected":false},"excerpt":{"rendered":"<p>KHUY\u00caN R\u1ed0N TRONG SU\u1ed0T NH\u1ef0A ACRYLIC NH\u1eacP KH\u1ea8U M\u1ef8\/ TRUNG _ Khuy\u00ean r\u1ed1n \u0111eo gi\u1eef l\u1ed7 _ Ch\u1ec9 d\u00e0nh cho l\u1ed7 x\u1ecf \u0111\u00e3 l\u00e0nh _ Ho\u00e0n to\u00e0n kh\u00f4ng g\u00e2y k\u00edch \u1ee9ng _ Tho\u1ea3i m\u00e1i khi \u0111eo, \u0111\u1eb7c bi\u1ec7t khi b\u1ea1n ph\u1ea3i v\u1eadn \u0111\u1ed9ng nhi\u1ec1u, \u0111eo \u0111i h\u1ecdc\/ \u0111i l\u00e0m _ Nh\u1eadp kh\u1ea9u t\u1eeb c\u00e1c th\u01b0\u01a1ng [&hellip;]<\/p>","protected":false},"featured_media":5151,"comment_status":"open","ping_status":"closed","template":"","meta":{"_et_pb_use_builder":"","_et_pb_old_content":"","_et_gb_content_width":""},"pwb-brand":[132],"product_brand":[],"product_cat":[44,94],"product_tag":[],"class_list":{"0":"post-5147","1":"product","2":"type-product","3":"status-publish","4":"has-post-thumbnail","6":"pwb-brand-simla","7":"product_cat-navel","8":"product_cat-plastic","10":"first","11":"instock","12":"shipping-taxable","13":"purchasable","14":"product-type-variable"},"jetpack_sharing_enabled":true,"brands":[{"id":132,"name":"Simla","slug":"simla"}],"_links":{"self":[{"href":"https:\/\/simla-piercing.com\/vi\/wp-json\/wp\/v2\/product\/5147","targetHints":{"allow":["GET"]}}],"collection":[{"href":"https:\/\/simla-piercing.com\/vi\/wp-json\/wp\/v2\/product"}],"about":[{"href":"https:\/\/simla-piercing.com\/vi\/wp-json\/wp\/v2\/types\/product"}],"replies":[{"embeddable":true,"href":"https:\/\/simla-piercing.com\/vi\/wp-json\/wp\/v2\/comments?post=5147"}],"wp:featuredmedia":[{"embeddable":true,"href":"https:\/\/simla-piercing.com\/vi\/wp-json\/wp\/v2\/media\/5151"}],"wp:attachment":[{"href":"https:\/\/simla-piercing.com\/vi\/wp-json\/wp\/v2\/media?parent=5147"}],"wp:term":[{"taxonomy":"pwb-brand","embeddable":true,"href":"https:\/\/simla-piercing.com\/vi\/wp-json\/wp\/v2\/pwb-brand?post=5147"},{"taxonomy":"product_brand","embeddable":true,"href":"https:\/\/simla-piercing.com\/vi\/wp-json\/wp\/v2\/product_brand?post=5147"},{"taxonomy":"product_cat","embeddable":true,"href":"https:\/\/simla-piercing.com\/vi\/wp-json\/wp\/v2\/product_cat?post=5147"},{"taxonomy":"product_tag","embeddable":true,"href":"https:\/\/simla-piercing.com\/vi\/wp-json\/wp\/v2\/product_tag?post=5147"}],"curies":[{"name":"wp","href":"https:\/\/api.w.org\/{rel}","templated":true}]}}