{"id":4405,"date":"2026-04-16T09:43:12","date_gmt":"2026-04-16T09:43:12","guid":{"rendered":"https:\/\/simla-piercing.com\/?post_type=product&#038;p=4405"},"modified":"2026-04-16T09:43:12","modified_gmt":"2026-04-16T09:43:12","slug":"khuyen-ron-sao-kieu","status":"publish","type":"product","link":"https:\/\/simla-piercing.com\/vi\/san-pham\/location\/navel\/khuyen-ron-sao-kieu\/","title":{"rendered":"Khuy\u00ean r\u1ed1n sao ki\u1ec3u"},"content":{"rendered":"<p>KHUY\u00caN R\u1ed0N SAO KI\u1ec2U TITANIUM G23, KH\u00d4NG X\u1ec8N M\u00c0U AN TO\u00c0N CHO DA<\/p>\n<p>Ch\u1ec9 d\u00e0nh cho l\u1ed7 x\u1ecf \u0111\u00e3 l\u00e0nh<\/p>\n<p>\u0110\u1ed9 d\u00e0y th\u00e2n: 1.5mm<\/p>\n<p>Chi\u1ec1u d\u00e0i th\u00e2n: 13mm<\/p>\n<p>CHI TI\u1ebeT S\u1ea2N PH\u1ea8M:<\/p>\n<p>Ch\u1ea5t li\u1ec7u: Titanium G23<\/p>\n<p>Titanium G23 kh\u00f4ng ph\u1ea3i l\u00e0 kim lo\u1ea1i d\u00f9ng cho c\u1ea5y gh\u00e9p trong c\u01a1 th\u1ec3 ng\u01b0\u1eddi nh\u01b0 Titanium ASTM F136. G23 ch\u1ec9 \u0111\u01b0\u1ee3c ch\u1ec9 \u0111\u1ecbnh s\u1eed d\u1ee5ng cho m\u1ee5c \u0111\u00edch th\u01b0\u01a1ng m\u1ea1i v\u00e0 c\u00f4ng nghi\u1ec7p, k\u0129 thu\u1eadt. Khuy\u00ean l\u00e0m t\u1eeb Titanium G23 v\u1eabn l\u00e0 m\u1ed9t ch\u1ea5t li\u1ec7u b\u1ec1n b\u1ec9, kh\u00f4ng x\u1ec9n m\u00e0u, kh\u00f4ng \u0111en hay teng g\u1ec9 nh\u01b0ng n\u00f3 kh\u00f4ng ph\u1ea3i l\u00e0 m\u1ed9t ch\u1ea5t li\u1ec7u ph\u00f9 h\u1ee3p cho l\u1ed7 x\u1ecf m\u1edbi c\u1ee7a b\u1ea1n. Gi\u00e1 th\u00e0nh c\u1ee7a G23 r\u1ebb h\u01a1n ASTM F136, c\u00f3 m\u00e0u nguy\u00ean thu\u1ef7 l\u00e0 b\u1ea1c x\u00e1m t\u1ed1i m\u00e0u h\u01a1n so v\u1edbi ASTM F136.<\/p>\n<p>S\u1ebd r\u1ea5t kh\u00f3 \u0111\u1ec3 ph\u00e2n bi\u1ec7t Titanium c\u1ea5p c\u1ea5y gh\u00e9p (ASTM F136) v\u1edbi Titanium G23, nh\u01b0ng v\u1eabn c\u00f3 th\u1ec3 so s\u00e1nh qua m\u00e0u s\u1eafc kim lo\u1ea1i ho\u1eb7c gi\u00e1 s\u1ea3n ph\u1ea9m. Ch\u1eafc ch\u1eafn s\u1ebd kh\u00f4ng c\u00f3 chuy\u1ec7n b\u1ea1n mua \u0111\u01b0\u1ee3c m\u1ed9t chi\u1ebfc khuy\u00ean Titanium ASTM F136 ELI v\u1edbi m\u1ee9c gi\u00e1 100_200k.<\/p>\n<p>N\u1ebfu b\u1ea1n c\u00f3 m\u1ed9t c\u01a1 \u0111\u1ecba nh\u1ea1y c\u1ea3m, Titanium G23 c\u0169ng l\u00e0 m\u1ed9t l\u1ef1a ch\u1ecdn an to\u00e0n cho b\u1ea1n.<\/p>\n<p>*Ch\u00ednh s\u00e1ch b\u1ea3o h\u00e0nh \u1edf ph\u1ea7n h\u00ecnh \u1ea3nh<\/p>\n<p>#khuyentai #bongtai #trangsuc #phukienthoitrang #khuyencothe #khuyentainam #khuyentainu #khuyentaiunisex #khuyentailaplanh #khuyentaidep #khuyenkep #khuyentai2lo #khuyentaisaigon #khuyentaitphcm #khuyentaida #khuyentaigia #khuyentaihelix #khuyentaivong #khuyen #tai #khuyentaibac #bongtaibac #bac #Simla #SimlaBodyJewelry #caocap #Simlaearring #khuyentaithep #khuyentaicatinh #khuyentron #khuyenbasic #hoatai #phukien #thoi #trang #datrang<\/p>","protected":false},"excerpt":{"rendered":"<p>KHUY\u00caN R\u1ed0N SAO KI\u1ec2U TITANIUM G23, KH\u00d4NG X\u1ec8N M\u00c0U AN TO\u00c0N CHO DA Ch\u1ec9 d\u00e0nh cho l\u1ed7 x\u1ecf \u0111\u00e3 l\u00e0nh \u0110\u1ed9 d\u00e0y th\u00e2n: 1.5mm Chi\u1ec1u d\u00e0i th\u00e2n: 13mm CHI TI\u1ebeT S\u1ea2N PH\u1ea8M: Ch\u1ea5t li\u1ec7u: Titanium G23 Titanium G23 kh\u00f4ng ph\u1ea3i l\u00e0 kim lo\u1ea1i d\u00f9ng cho c\u1ea5y gh\u00e9p trong c\u01a1 th\u1ec3 ng\u01b0\u1eddi nh\u01b0 Titanium ASTM F136. [&hellip;]<\/p>","protected":false},"featured_media":0,"comment_status":"open","ping_status":"closed","template":"","meta":{"_et_pb_use_builder":"","_et_pb_old_content":"","_et_gb_content_width":""},"pwb-brand":[132],"product_brand":[],"product_cat":[44,87],"product_tag":[],"class_list":{"0":"post-4405","1":"product","2":"type-product","3":"status-publish","5":"pwb-brand-simla","6":"product_cat-navel","7":"product_cat-titanium-g23","9":"first","10":"instock","11":"shipping-taxable","12":"purchasable","13":"product-type-variable"},"jetpack_sharing_enabled":true,"brands":[{"id":132,"name":"Simla","slug":"simla"}],"_links":{"self":[{"href":"https:\/\/simla-piercing.com\/vi\/wp-json\/wp\/v2\/product\/4405","targetHints":{"allow":["GET"]}}],"collection":[{"href":"https:\/\/simla-piercing.com\/vi\/wp-json\/wp\/v2\/product"}],"about":[{"href":"https:\/\/simla-piercing.com\/vi\/wp-json\/wp\/v2\/types\/product"}],"replies":[{"embeddable":true,"href":"https:\/\/simla-piercing.com\/vi\/wp-json\/wp\/v2\/comments?post=4405"}],"wp:attachment":[{"href":"https:\/\/simla-piercing.com\/vi\/wp-json\/wp\/v2\/media?parent=4405"}],"wp:term":[{"taxonomy":"pwb-brand","embeddable":true,"href":"https:\/\/simla-piercing.com\/vi\/wp-json\/wp\/v2\/pwb-brand?post=4405"},{"taxonomy":"product_brand","embeddable":true,"href":"https:\/\/simla-piercing.com\/vi\/wp-json\/wp\/v2\/product_brand?post=4405"},{"taxonomy":"product_cat","embeddable":true,"href":"https:\/\/simla-piercing.com\/vi\/wp-json\/wp\/v2\/product_cat?post=4405"},{"taxonomy":"product_tag","embeddable":true,"href":"https:\/\/simla-piercing.com\/vi\/wp-json\/wp\/v2\/product_tag?post=4405"}],"curies":[{"name":"wp","href":"https:\/\/api.w.org\/{rel}","templated":true}]}}