{"id":6106,"date":"2026-05-12T03:11:12","date_gmt":"2026-05-12T03:11:12","guid":{"rendered":"https:\/\/simla-piercing.com\/?post_type=product&#038;p=6106"},"modified":"2026-05-12T03:22:20","modified_gmt":"2026-05-12T03:22:20","slug":"khuyen-thuy-tinh-trong","status":"publish","type":"product","link":"https:\/\/simla-piercing.com\/en\/product\/location\/conch\/khuyen-thuy-tinh-trong\/","title":{"rendered":"Khuy\u00ean thu\u1ef7 tinh trong th\u00e2n th\u1eb3ng"},"content":{"rendered":"<p>KHUY\u00caN TAI THU\u1ef6 TINH NH\u1eacP KH\u1ea8U M\u1ef8\/ TRUNG _ B\u1ea2O H\u00c0NH 30 NG\u00c0Y<\/p>\n<p>TH\u00d4NG TIN S\u1ea2N PH\u1ea8M:<\/p>\n<p>_ Khuy\u00ean th\u00e2n th\u1eb3ng (k\u00e8m v\u00f2ng \u0111\u1ec7m nh\u1ef1a) d\u00e0nh cho c\u00e1c v\u1ecb tr\u00ed tai (Th\u00e2n 18G ho\u1eb7c 16G) v\u00e0 c\u00e1nh m\u0169i (Th\u00e2n 18G)<\/p>\n<p>_ Ch\u1ea5t li\u1ec7u: Thu\u1ef7 tinh Borosilicate kh\u00f4ng Ch\u00ec<\/p>\n<p>_ \u0110\u1ed9 d\u00e0i th\u00e2n dao \u0111\u1ed9ng t\u1eeb 11mm _ 12mm<\/p>\n<p>T\u1ea0I SAO N\u00caN CH\u1eccN KHUY\u00caN THU\u1ef6 TINH:<\/p>\n<p>Thu\u1ef7 tinh l\u00e0 m\u1ed9t trong s\u1ed1 nh\u1eefng ch\u1ea5t li\u1ec7u t\u1ed1t v\u00e0 ph\u00f9 h\u1ee3p cho l\u1ed7 x\u1ecf m\u1edbi, \u0111\u01b0\u1ee3c hi\u1ec7p h\u1ed9i x\u1ecf khuy\u00ean (APP) c\u00f4ng nh\u1eadn. G\u1ed3m c\u00f3 3 lo\u1ea1i: Fused quartz glass, lead_free borosilicate, and lead_free soda_lime glass. Thu\u1ef7 tinh t\u1ea1i SP nh\u1eadp kh\u1ea9u tr\u1ef1c ti\u1ebfp t\u1eeb M\u1ef9 (ph\u00e2n lo\u1ea1i: Borosilicate kh\u00f4ng Ch\u00ec).<\/p>\n<p>\u2022 C\u00f3 th\u1ec3 kh\u1eed tr\u00f9ng trong n\u1ed3i h\u1ea5p.<\/p>\n<p>\u2022 Kh\u00f4ng g\u00e2y k\u00edch \u1ee9ng.<\/p>\n<p>\u2022 B\u1ec1 m\u1eb7t kh\u00f4ng x\u1ed1p, c\u1ef1c k\u00ec m\u01b0\u1ee3t v\u00e0 m\u1ecbn. \u0110i\u1ec1u n\u00e0y gi\u00fap cho vi\u1ec7c \u0111eo v\u00e0 th\u00e1o khuy\u00ean d\u1ec5 d\u00e0ng, kh\u00f4ng g\u00e2y ma s\u00e1t.<\/p>\n<p>\u2022 D\u1ec5 v\u1ec7 sinh v\u00e0 kh\u00f4ng l\u00e0m t\u00edch t\u1ee5 vi khu\u1ea9n.<\/p>\n<p>\u2022 Tr\u1ecdng l\u01b0\u1ee3ng nh\u1eb9, kh\u00f4ng m\u00f9i, kh\u00f4ng th\u1ea5m n\u01b0\u1edbc, trong su\u1ed1t.<\/p>\n<p>\u2022 Ngo\u00e0i ra, n\u1ebfu b\u1ea1n c\u1ea7n ch\u1ee5p X_quang v\u00e0 kh\u00f4ng mu\u1ed1n th\u00e1o \u0111\u1ed3 trang s\u1ee9c, th\u1ee7y tinh l\u00e0 m\u1ed9t gi\u1ea3i ph\u00e1p thay th\u1ebf an to\u00e0n \u0111\u1ec3 s\u1eed d\u1ee5ng khi ch\u1ee5p X_quang.<\/p>\n<p>\u2022 Ngo\u00e0i c\u00e1c t\u00ednh ch\u1ea5t c\u01a1 h\u1ecdc c\u1ee7a th\u1ee7y tinh, th\u1ee7y tinh c\u00f2n l\u00e0 m\u1ed9t v\u1eadt li\u1ec7u \u0111\u1eb9p v\u1ec1 m\u1eb7t th\u1ea9m m\u1ef9 v\u1edbi nhi\u1ec1u m\u00e0u s\u1eafc v\u00e0 h\u00ecnh d\u1ea1ng kh\u00e1c nhau.<\/p>\n<p>C\u00e1ch s\u1eed d\u1ee5ng:<\/p>\n<p>Tr\u00e1nh c\u00e1c ho\u1ea1t \u0111\u1ed9ng m\u1ea1nh c\u00f3 th\u1ec3 \u1ea3nh h\u01b0\u1edfng t\u1edbi khuy\u00ean.<\/p>\n<p>Khi kh\u00f4ng s\u1eed d\u1ee5ng: B\u1ea3o qu\u1ea3n ch\u00fang \u1edf n\u01a1i an to\u00e0n, kh\u00f4 r\u00e1o. \u0110\u00f3ng g\u00f3i ri\u00eang t\u1eebng m\u00f3n trang s\u1ee9c \u0111\u1ec3 tr\u00e1nh tr\u1ea7y x\u01b0\u1edbc ho\u1eb7c h\u01b0 h\u1ea1i. L\u00e0m s\u1ea1ch khuy\u00ean th\u01b0\u1eddng xuy\u00ean b\u1eb1ng n\u01b0\u1edbc \u1ea5m v\u00e0 x\u00e0 ph\u00f2ng.<\/p>\n<p>Thu\u1ef7 tinh b\u1ecb n\u1ee9t d\u01b0\u1edbi l\u1ef1c c\u0103ng s\u1ebd v\u1ee1, nh\u01b0ng n\u00f3 s\u1ebd kh\u00f4ng h\u01b0 h\u1ecfng n\u1ebfu kh\u00f4ng c\u00f3 c\u1ea3 hai y\u1ebfu t\u1ed1 (v\u1ebft n\u1ee9t + \u0111\u1ed9 c\u0103ng _ g\u00e3y). Thu\u1ef7 tinh ch\u1ec9 v\u1ee1 khi ch\u1ecbu l\u1ef1c c\u0103ng, r\u1ea5t hi\u1ebfm khi do l\u1ef1c n\u00e9n ho\u1eb7c l\u1ef1c c\u1eaft. Thu\u1ef7 tinh th\u01b0\u1eddng d\u1ec5 b\u1ecb \u201ct\u1ed5n th\u01b0\u01a1ng\u201d nh\u1ea5t khi kh\u00f4ng \u0111\u01b0\u1ee3c \u0111eo, h\u00e3y b\u1ea3o qu\u1ea3n trang s\u1ee9c thu\u1ef7 tinh c\u1ee7a b\u1ea1n c\u1ea9n th\u1eadn.<\/p>\n<p>KHUY\u00caN THU\u1ef6 TINH TRONG SU\u1ed0T D\u00c0NH CHO C\u00c1C B\u1ea0N C\u00d2N \u0110ANG \u0110I H\u1eccC\/ \u0110I L\u00c0M. HO\u1eb6C \u0110\u01a0N GI\u1ea2N CH\u1ec8 \u0110\u1ec2 GI\u1eee L\u1ed6 X\u1ece.<\/p>\n<p>#khuyentai #thuytinh #thuy_tinh #bongtai #trangsuc #phukienthoitrang #khuyencothe #khuyentainam #khuyentainu #khuyentaiunisex #khuyentailaplanh #khuyentaidep #khuyenkep #khuyentai2lo #khuyentaisaigon #khuyentaitphcm #khuyentaida #khuyentaigia #khuyentaihelix #khuyentaivong #khuyen #tai #khuyentaibac #bongtaibac #bac #Simla #SimlaBodyJewelry #caocap #Simlaearring #khuyentaithep #khuyentaicatinh #khuyentron #khuyenbasic #hoatai #phukien #thoi #trang #datrang<\/p>\n","protected":false},"excerpt":{"rendered":"<p>KHUY\u00caN TAI THU\u1ef6 TINH NH\u1eacP KH\u1ea8U M\u1ef8\/ TRUNG _ B\u1ea2O H\u00c0NH 30 NG\u00c0Y TH\u00d4NG TIN S\u1ea2N PH\u1ea8M: _ Khuy\u00ean th\u00e2n th\u1eb3ng (k\u00e8m v\u00f2ng \u0111\u1ec7m nh\u1ef1a) d\u00e0nh cho c\u00e1c v\u1ecb tr\u00ed tai (Th\u00e2n 18G ho\u1eb7c 16G) v\u00e0 c\u00e1nh m\u0169i (Th\u00e2n 18G) _ Ch\u1ea5t li\u1ec7u: Thu\u1ef7 tinh Borosilicate kh\u00f4ng Ch\u00ec _ \u0110\u1ed9 d\u00e0i th\u00e2n dao \u0111\u1ed9ng t\u1eeb [&hellip;]<\/p>\n","protected":false},"featured_media":0,"comment_status":"open","ping_status":"closed","template":"","meta":{"_et_pb_use_builder":"","_et_pb_old_content":"","_et_gb_content_width":""},"pwb-brand":[132],"product_brand":[],"product_cat":[34,33,30,41,29,38,93,32],"product_tag":[],"class_list":{"0":"post-6106","1":"product","2":"type-product","3":"status-publish","5":"pwb-brand-simla","6":"product_cat-conch","7":"product_cat-flat","8":"product_cat-helix","9":"product_cat-lip","10":"product_cat-lobe","11":"product_cat-nostril","12":"product_cat-borosilicate","13":"product_cat-tragus","15":"first","16":"instock","17":"shipping-taxable","18":"purchasable","19":"product-type-variable"},"jetpack_sharing_enabled":true,"brands":[{"id":132,"name":"Simla","slug":"simla"}],"_links":{"self":[{"href":"https:\/\/simla-piercing.com\/en\/wp-json\/wp\/v2\/product\/6106","targetHints":{"allow":["GET"]}}],"collection":[{"href":"https:\/\/simla-piercing.com\/en\/wp-json\/wp\/v2\/product"}],"about":[{"href":"https:\/\/simla-piercing.com\/en\/wp-json\/wp\/v2\/types\/product"}],"replies":[{"embeddable":true,"href":"https:\/\/simla-piercing.com\/en\/wp-json\/wp\/v2\/comments?post=6106"}],"wp:attachment":[{"href":"https:\/\/simla-piercing.com\/en\/wp-json\/wp\/v2\/media?parent=6106"}],"wp:term":[{"taxonomy":"pwb-brand","embeddable":true,"href":"https:\/\/simla-piercing.com\/en\/wp-json\/wp\/v2\/pwb-brand?post=6106"},{"taxonomy":"product_brand","embeddable":true,"href":"https:\/\/simla-piercing.com\/en\/wp-json\/wp\/v2\/product_brand?post=6106"},{"taxonomy":"product_cat","embeddable":true,"href":"https:\/\/simla-piercing.com\/en\/wp-json\/wp\/v2\/product_cat?post=6106"},{"taxonomy":"product_tag","embeddable":true,"href":"https:\/\/simla-piercing.com\/en\/wp-json\/wp\/v2\/product_tag?post=6106"}],"curies":[{"name":"wp","href":"https:\/\/api.w.org\/{rel}","templated":true}]}}