{"id":6092,"date":"2026-05-10T07:55:31","date_gmt":"2026-05-10T07:55:31","guid":{"rendered":"https:\/\/simla-piercing.com\/?post_type=product&#038;p=6092"},"modified":"2026-05-10T07:55:31","modified_gmt":"2026-05-10T07:55:31","slug":"tinh-dau-base-laboratories","status":"publish","type":"product","link":"https:\/\/simla-piercing.com\/en\/product\/new\/tinh-dau-base-laboratories\/","title":{"rendered":"Tinh d\u1ea7u Base Laboratories"},"content":{"rendered":"<p>Tinh D\u1ea7u Cho L\u1ed7 X\u1ecf &#8211; Ch\u0103m S\u00f3c Sau X\u1ecf v\u00e0 H\u1ed7 Tr\u1ee3 Tr\u1ecb Bump &#8211; Base Laboratories (nh\u1eadp kh\u1ea9u M\u1ef9)<\/p>\n<p>Th\u00f4ng tin s\u1ea3n ph\u1ea9m:<\/p>\n<p>Tinh d\u1ea7u b\u00f4i ngo\u00e0i da<\/p>\n<p>Dung t\u00edch: 15ml (Full size) | 3ml (Mini size)<\/p>\n<p>Th\u00e0nh ph\u1ea7n t\u1ef1 nhi\u00ean:<\/p>\n<p>H\u1ea1t Nho, H\u1ea1t Jojoba, Tinh d\u1ea7u O\u1ea3i H\u01b0\u01a1ng, H\u01b0\u01a1ng Th\u1ea3o, C\u1ee7 Ngh\u1ec7, Tinh d\u1ea7u \u0110inh H\u01b0\u01a1ng<\/p>\n<p>C\u00f4ng d\u1ee5ng: \u0110i\u1ec1u tr\u1ecb s\u01b0ng bump v\u00e0 s\u1eb9o l\u1ed3i. V\u1edbi c\u00e1c th\u00e0nh ph\u1ea7n t\u1ef1 nhi\u00ean h\u1ed7 tr\u1ee3 l\u00e0m d\u1ecbu v\u00e0 ch\u1eefa l\u00e0nh da. Gi\u00fap \u0111\u1ea9y nhanh qu\u00e1 tr\u00ecnh t\u00e1i t\u1ea1o da v\u00e0 ng\u0103n ng\u1eeba nhi\u1ec5m tr\u00f9ng. C\u00f3 th\u1ec3 s\u1eed d\u1ee5ng nh\u01b0 s\u1ea3n ph\u1ea9m ch\u0103m s\u00f3c sau x\u1ecf, l\u00e0m s\u1ea1ch s\u00e2u v\u00e0 kh\u1eed tr\u00f9ng ng\u0103n ng\u1eeba bump s\u01b0ng, gi\u00fap l\u1ed7 x\u1ecf nhanh l\u00e0nh h\u01a1n.<\/p>\n<p>HDSD: Ch\u1ea5m tinh d\u1ea7u tr\u1ef1c ti\u1ebfp l\u00ean l\u1ed7 x\u1ecf b\u1ecb bump, d\u00f9ng \u0111\u01b0\u1ee3c cho c\u00e1c v\u1ecb tr\u00ed x\u1ecf tr\u00ean c\u01a1 th\u1ec3. D\u00f9ng 2-3 l\u1ea7n\/ng\u00e0y cho \u0111\u1ebfn khi bump s\u01b0ng bi\u1ebfn m\u1ea5t ho\u00e0n to\u00e0n. Khi d\u00f9ng tinh d\u1ea7u kh\u00f4ng c\u1ea7n d\u00f9ng th\u00eam c\u00e1c lo\u1ea1i n\u01b0\u1edbc mu\u1ed1i v\u1ec7 sinh sau x\u1ecf kh\u00e1c. \u0110\u1ed1i v\u1edbi s\u1eb9o, c\u0169ng s\u1eed dung t\u01b0\u01a1ng t\u1ef1 nh\u01b0 tr\u00ean, massage nh\u1eb9 l\u00ean s\u1eb9o sau khi thoa tinh d\u1ea7u. B\u1ea3o qu\u1ea3n \u1edf n\u01a1i tho\u00e1ng m\u00e1t, tr\u00e1nh \u00e1nh n\u1eafng tr\u1ef1c ti\u1ebfp. N\u1ebfu b\u1ecb k\u00edch \u1ee9ng h\u00e3y ng\u01b0ng s\u1eed d\u1ee5ng v\u00e0 li\u00ean h\u1ec7 ngay v\u1edbi ch\u00fang t\u00f4i.<\/p>\n<p>*D\u00f9ng v\u1ec7 sinh cho l\u1ed7 x\u1ecf m\u1edbi, d\u00f9ng 2-3 l\u1ea7n\/ng\u00e0y cho \u0111\u1ebfn khi l\u1ed7 x\u1ecf l\u00e0nh.<\/p>\n","protected":false},"excerpt":{"rendered":"<p>Tinh D\u1ea7u Cho L\u1ed7 X\u1ecf &#8211; Ch\u0103m S\u00f3c Sau X\u1ecf v\u00e0 H\u1ed7 Tr\u1ee3 Tr\u1ecb Bump &#8211; Base Laboratories (nh\u1eadp kh\u1ea9u M\u1ef9) Th\u00f4ng tin s\u1ea3n ph\u1ea9m: Tinh d\u1ea7u b\u00f4i ngo\u00e0i da Dung t\u00edch: 15ml (Full size) | 3ml (Mini size) Th\u00e0nh ph\u1ea7n t\u1ef1 nhi\u00ean: H\u1ea1t Nho, H\u1ea1t Jojoba, Tinh d\u1ea7u O\u1ea3i H\u01b0\u01a1ng, H\u01b0\u01a1ng Th\u1ea3o, C\u1ee7 Ngh\u1ec7, [&hellip;]<\/p>\n","protected":false},"featured_media":6099,"comment_status":"open","ping_status":"closed","template":"","meta":{"_et_pb_use_builder":"","_et_pb_old_content":"","_et_gb_content_width":""},"pwb-brand":[132],"product_brand":[],"product_cat":[18],"product_tag":[],"class_list":{"0":"post-6092","1":"product","2":"type-product","3":"status-publish","4":"has-post-thumbnail","6":"pwb-brand-simla","7":"product_cat-new","9":"first","10":"instock","11":"shipping-taxable","12":"purchasable","13":"product-type-variable"},"jetpack_sharing_enabled":true,"brands":[{"id":132,"name":"Simla","slug":"simla"}],"_links":{"self":[{"href":"https:\/\/simla-piercing.com\/en\/wp-json\/wp\/v2\/product\/6092","targetHints":{"allow":["GET"]}}],"collection":[{"href":"https:\/\/simla-piercing.com\/en\/wp-json\/wp\/v2\/product"}],"about":[{"href":"https:\/\/simla-piercing.com\/en\/wp-json\/wp\/v2\/types\/product"}],"replies":[{"embeddable":true,"href":"https:\/\/simla-piercing.com\/en\/wp-json\/wp\/v2\/comments?post=6092"}],"wp:featuredmedia":[{"embeddable":true,"href":"https:\/\/simla-piercing.com\/en\/wp-json\/wp\/v2\/media\/6099"}],"wp:attachment":[{"href":"https:\/\/simla-piercing.com\/en\/wp-json\/wp\/v2\/media?parent=6092"}],"wp:term":[{"taxonomy":"pwb-brand","embeddable":true,"href":"https:\/\/simla-piercing.com\/en\/wp-json\/wp\/v2\/pwb-brand?post=6092"},{"taxonomy":"product_brand","embeddable":true,"href":"https:\/\/simla-piercing.com\/en\/wp-json\/wp\/v2\/product_brand?post=6092"},{"taxonomy":"product_cat","embeddable":true,"href":"https:\/\/simla-piercing.com\/en\/wp-json\/wp\/v2\/product_cat?post=6092"},{"taxonomy":"product_tag","embeddable":true,"href":"https:\/\/simla-piercing.com\/en\/wp-json\/wp\/v2\/product_tag?post=6092"}],"curies":[{"name":"wp","href":"https:\/\/api.w.org\/{rel}","templated":true}]}}