{"id":6081,"date":"2026-05-10T07:39:53","date_gmt":"2026-05-10T07:39:53","guid":{"rendered":"https:\/\/simla-piercing.com\/?post_type=product&#038;p=6081"},"modified":"2026-05-10T07:39:53","modified_gmt":"2026-05-10T07:39:53","slug":"chai-xit-cham-soc-bump-lo-xo","status":"publish","type":"product","link":"https:\/\/simla-piercing.com\/en\/product\/new\/chai-xit-cham-soc-bump-lo-xo\/","title":{"rendered":"Chai x\u1ecbt ch\u0103m s\u00f3c bump l\u1ed7 x\u1ecf"},"content":{"rendered":"<p>H\u1ed7 tr\u1ee3 l\u00e0m d\u1ecbu v\u00f9ng da quanh l\u1ed7 x\u1ecf khi xu\u1ea5t hi\u1ec7n bump.<\/p>\n<p>C\u00f4ng th\u1ee9c ch\u1ee9a c\u00e1c th\u00e0nh ph\u1ea7n c\u00f3 ngu\u1ed3n g\u1ed1c thi\u00ean nhi\u00ean, bao g\u1ed3m tinh d\u1ea7u tr\u00e0m tr\u00e0 (Melaleuca &#8211; \u00dac) v\u00e0 mu\u1ed1i kho\u00e1ng t\u1eeb Dead sea, gi\u00fap duy tr\u00ec tr\u1ea1ng th\u00e1i \u1ed5n \u0111\u1ecbnh c\u1ee7a v\u00f9ng da trong qu\u00e1 tr\u00ecnh ch\u0103m s\u00f3c.<\/p>\n<p>*L\u01afU \u00dd:<\/p>\n<p>&#8211; S\u1eed d\u1ee5ng theo h\u01b0\u1edbng d\u1eabn c\u1ee7a th\u1ee3 x\u1ecf.<\/p>\n<p>&#8211; Kh\u00f4ng d\u00f9ng nh\u01b0 s\u1ea3n ph\u1ea9m ch\u0103m s\u00f3c l\u1ed7 x\u1ecf h\u1eb1ng ng\u00e0y.<\/p>\n<p>&#8211; Kh\u00f4ng s\u1eed d\u1ee5ng \u0111\u1ed3ng th\u1eddi v\u1edbi c\u00e1c s\u1ea3n ph\u1ea9m ch\u0103m s\u00f3c kh\u00e1c.<\/p>\n<p>HDSD:<\/p>\n<p>X\u1ecbt tr\u1ef1c ti\u1ebfp l\u00ean v\u00f9ng da quanh l\u1ed7 x\u1ecf, \u0111\u1ec3 kh\u00f4 t\u1ef1 nhi\u00ean.<\/p>\n<p>S\u1eed d\u1ee5ng 2-3 l\u1ea7n m\u1ed7i ng\u00e0y, t\u00f9y theo t\u00ecnh tr\u1ea1ng da.<\/p>\n<p>TH\u00d4NG TIN AN TO\u00c0N:<\/p>\n<p>Ch\u1ec9 d\u00f9ng ngo\u00e0i da.<\/p>\n<p>Tr\u00e1nh ti\u1ebfp x\u00fac tr\u1ef1c ti\u1ebfp v\u1edbi m\u1eaft.<\/p>\n<p>\u0110\u1ec3 xa t\u1ea7m tay tr\u1ebb em.<\/p>\n<p>B\u1ea3o qu\u1ea3n n\u01a1i kh\u00f4 r\u00e1o, tho\u00e1ng m\u00e1t, tr\u00e1nh \u00e1nh n\u1eafng tr\u1ef1c ti\u1ebfp.<\/p>\n<p>Ng\u01b0ng s\u1eed d\u1ee5ng n\u1ebfu xu\u1ea5t hi\u1ec7n d\u1ea5u hi\u1ec7u k\u00edch \u1ee9ng.<\/p>\n","protected":false},"excerpt":{"rendered":"<p>H\u1ed7 tr\u1ee3 l\u00e0m d\u1ecbu v\u00f9ng da quanh l\u1ed7 x\u1ecf khi xu\u1ea5t hi\u1ec7n bump. C\u00f4ng th\u1ee9c ch\u1ee9a c\u00e1c th\u00e0nh ph\u1ea7n c\u00f3 ngu\u1ed3n g\u1ed1c thi\u00ean nhi\u00ean, bao g\u1ed3m tinh d\u1ea7u tr\u00e0m tr\u00e0 (Melaleuca &#8211; \u00dac) v\u00e0 mu\u1ed1i kho\u00e1ng t\u1eeb Dead sea, gi\u00fap duy tr\u00ec tr\u1ea1ng th\u00e1i \u1ed5n \u0111\u1ecbnh c\u1ee7a v\u00f9ng da trong qu\u00e1 tr\u00ecnh ch\u0103m s\u00f3c. *L\u01afU [&hellip;]<\/p>\n","protected":false},"featured_media":6084,"comment_status":"open","ping_status":"closed","template":"","meta":{"_et_pb_use_builder":"","_et_pb_old_content":"","_et_gb_content_width":""},"pwb-brand":[132],"product_brand":[],"product_cat":[18],"product_tag":[],"class_list":{"0":"post-6081","1":"product","2":"type-product","3":"status-publish","4":"has-post-thumbnail","6":"pwb-brand-simla","7":"product_cat-new","9":"first","10":"instock","11":"shipping-taxable","12":"purchasable","13":"product-type-simple"},"jetpack_sharing_enabled":true,"brands":[{"id":132,"name":"Simla","slug":"simla"}],"_links":{"self":[{"href":"https:\/\/simla-piercing.com\/en\/wp-json\/wp\/v2\/product\/6081","targetHints":{"allow":["GET"]}}],"collection":[{"href":"https:\/\/simla-piercing.com\/en\/wp-json\/wp\/v2\/product"}],"about":[{"href":"https:\/\/simla-piercing.com\/en\/wp-json\/wp\/v2\/types\/product"}],"replies":[{"embeddable":true,"href":"https:\/\/simla-piercing.com\/en\/wp-json\/wp\/v2\/comments?post=6081"}],"wp:featuredmedia":[{"embeddable":true,"href":"https:\/\/simla-piercing.com\/en\/wp-json\/wp\/v2\/media\/6084"}],"wp:attachment":[{"href":"https:\/\/simla-piercing.com\/en\/wp-json\/wp\/v2\/media?parent=6081"}],"wp:term":[{"taxonomy":"pwb-brand","embeddable":true,"href":"https:\/\/simla-piercing.com\/en\/wp-json\/wp\/v2\/pwb-brand?post=6081"},{"taxonomy":"product_brand","embeddable":true,"href":"https:\/\/simla-piercing.com\/en\/wp-json\/wp\/v2\/product_brand?post=6081"},{"taxonomy":"product_cat","embeddable":true,"href":"https:\/\/simla-piercing.com\/en\/wp-json\/wp\/v2\/product_cat?post=6081"},{"taxonomy":"product_tag","embeddable":true,"href":"https:\/\/simla-piercing.com\/en\/wp-json\/wp\/v2\/product_tag?post=6081"}],"curies":[{"name":"wp","href":"https:\/\/api.w.org\/{rel}","templated":true}]}}