{"id":6078,"date":"2026-05-10T07:35:54","date_gmt":"2026-05-10T07:35:54","guid":{"rendered":"https:\/\/simla-piercing.com\/?post_type=product&#038;p=6078"},"modified":"2026-05-10T07:35:54","modified_gmt":"2026-05-10T07:35:54","slug":"tam-bong-cham-tinh-dau","status":"publish","type":"product","link":"https:\/\/simla-piercing.com\/en\/product\/new\/tam-bong-cham-tinh-dau\/","title":{"rendered":"T\u0103m b\u00f4ng ch\u1ea5m tinh d\u1ea7u"},"content":{"rendered":"<p>-T\u0103m b\u00f4ng s\u1eed d\u1ee5ng 1 l\u1ea7n \u0111\u1ec3 thoa tinh d\u1ea7u l\u00ean da. V\u1edbi thi\u1ebft k\u1ebf \u0111\u1ea7u b\u00f4ng si\u00eau nh\u1ecf \u0111\u1ec3 kh\u00f4ng l\u00e0m hao tinh d\u1ea7u l\u1ea1i d\u1ec5 d\u00e0ng b\u00f4i l\u00ean \u0111\u00fang v\u1ecb tr\u00ed bump.<\/p>\n<p>-1 g\u00f3i 100 c\u00e2y.<\/p>\n","protected":false},"excerpt":{"rendered":"<p>-T\u0103m b\u00f4ng s\u1eed d\u1ee5ng 1 l\u1ea7n \u0111\u1ec3 thoa tinh d\u1ea7u l\u00ean da. V\u1edbi thi\u1ebft k\u1ebf \u0111\u1ea7u b\u00f4ng si\u00eau nh\u1ecf \u0111\u1ec3 kh\u00f4ng l\u00e0m hao tinh d\u1ea7u l\u1ea1i d\u1ec5 d\u00e0ng b\u00f4i l\u00ean \u0111\u00fang v\u1ecb tr\u00ed bump. -1 g\u00f3i 100 c\u00e2y.<\/p>\n","protected":false},"featured_media":6080,"comment_status":"open","ping_status":"closed","template":"","meta":{"_et_pb_use_builder":"","_et_pb_old_content":"","_et_gb_content_width":""},"pwb-brand":[132],"product_brand":[],"product_cat":[18],"product_tag":[],"class_list":{"0":"post-6078","1":"product","2":"type-product","3":"status-publish","4":"has-post-thumbnail","6":"pwb-brand-simla","7":"product_cat-new","9":"first","10":"instock","11":"shipping-taxable","12":"purchasable","13":"product-type-simple"},"jetpack_sharing_enabled":true,"brands":[{"id":132,"name":"Simla","slug":"simla"}],"_links":{"self":[{"href":"https:\/\/simla-piercing.com\/en\/wp-json\/wp\/v2\/product\/6078","targetHints":{"allow":["GET"]}}],"collection":[{"href":"https:\/\/simla-piercing.com\/en\/wp-json\/wp\/v2\/product"}],"about":[{"href":"https:\/\/simla-piercing.com\/en\/wp-json\/wp\/v2\/types\/product"}],"replies":[{"embeddable":true,"href":"https:\/\/simla-piercing.com\/en\/wp-json\/wp\/v2\/comments?post=6078"}],"wp:featuredmedia":[{"embeddable":true,"href":"https:\/\/simla-piercing.com\/en\/wp-json\/wp\/v2\/media\/6080"}],"wp:attachment":[{"href":"https:\/\/simla-piercing.com\/en\/wp-json\/wp\/v2\/media?parent=6078"}],"wp:term":[{"taxonomy":"pwb-brand","embeddable":true,"href":"https:\/\/simla-piercing.com\/en\/wp-json\/wp\/v2\/pwb-brand?post=6078"},{"taxonomy":"product_brand","embeddable":true,"href":"https:\/\/simla-piercing.com\/en\/wp-json\/wp\/v2\/product_brand?post=6078"},{"taxonomy":"product_cat","embeddable":true,"href":"https:\/\/simla-piercing.com\/en\/wp-json\/wp\/v2\/product_cat?post=6078"},{"taxonomy":"product_tag","embeddable":true,"href":"https:\/\/simla-piercing.com\/en\/wp-json\/wp\/v2\/product_tag?post=6078"}],"curies":[{"name":"wp","href":"https:\/\/api.w.org\/{rel}","templated":true}]}}