{"id":5884,"date":"2026-05-09T03:45:58","date_gmt":"2026-05-09T03:45:58","guid":{"rendered":"https:\/\/simla-piercing.com\/?post_type=product&#038;p=5884"},"modified":"2026-05-09T03:45:59","modified_gmt":"2026-05-09T03:45:59","slug":"khuyen-mui-l-vo-cuc","status":"publish","type":"product","link":"https:\/\/simla-piercing.com\/en\/product\/location\/nostril\/khuyen-mui-l-vo-cuc\/","title":{"rendered":"Khuy\u00ean m\u0169i L v\u00f4 c\u1ef1c"},"content":{"rendered":"<p>KHUY\u00caN C\u00c1NH M\u0168I CH\u1eee L H\u00ccNH V\u00d4 C\u1ef0C<\/p>\n<p>*Ch\u1ec9 d\u00e0nh cho l\u1ed7 x\u1ecf \u0111\u00e3 l\u00e0nh<\/p>\n<p>CHI TI\u1ebeT S\u1ea2N PH\u1ea8M:<\/p>\n<p>Ch\u1ea5t li\u1ec7u: Th\u00e9p kh\u00f4ng g\u1ec9 &#8211; Stainless steel<\/p>\n<p>\u0110\u00e2y c\u0169ng l\u00e0 m\u1ed9t lo\u1ea1i ch\u1ea5t li\u1ec7u ph\u1ed5 bi\u1ebfn trong ng\u00e0nh c\u00f4ng nghi\u1ec7p trang s\u1ee9c. \u0110\u01b0\u1ee3c ch\u1ee9ng minh l\u00e0 r\u1ea5t kh\u00f3 b\u1ecb \u0111en v\u00ec th\u01b0\u1eddng b\u00ean ngo\u00e0i c\u00f3 ph\u1ee7 th\u00eam m\u1ed9t l\u1edbp v\u1eadt ch\u1ea5t ch\u1ed1ng oxy ho\u00e1. Ngo\u00e0i ra, th\u00e9p kh\u00f4ng g\u1ec9 \u00edt khi b\u1ecb t\u00e1c \u0111\u1ed9ng b\u1edfi m\u1ed3 h\u00f4i, n\u01b0\u1edbc m\u01b0a, n\u01b0\u1edbc bi\u1ec3n, kh\u00ed h\u1eadu. C\u00f3 kh\u1ea3 n\u0103ng ch\u1ed1ng \u0103n m\u00f2n v\u00e0 g\u1ec9 s\u00e9t\/ ch\u1ecbu nhi\u1ec7t\/ h\u1ea7u nh\u01b0 kh\u00f4ng g\u00e2y d\u1ecb \u1ee9ng\/ duy tr\u00ec \u0111\u01b0\u1ee3c \u0111\u1ed9 s\u00e1ng b\u00f3ng. Tr\u00ean th\u1ecb tr\u01b0\u1eddng, gi\u00e1 c\u00e1c kim lo\u1ea1i qu\u00fd nh\u01b0 v\u00e0ng, b\u1ea1ch kim,\u2026lu\u00f4n \u1edf m\u1ee9c cao. Do \u0111\u00f3, trang s\u1ee9c l\u00e0m t\u1eeb th\u00e9p kh\u00f4ng g\u1ec9 v\u1edbi ch\u1ea5t l\u01b0\u1ee3ng \u1ed5n \u0111\u1ecbnh m\u00e0 gi\u00e1 th\u00e0nh l\u1ea1i ph\u1ea3i ch\u0103ng v\u1eabn lu\u00f4n l\u00e0 ch\u1ea5t li\u1ec7u \u0111\u01b0\u1ee3c \u01b0a d\u00f9ng. Trang s\u1ee9c th\u00e9p kh\u00f4ng g\u1ec9 s\u1ebd ph\u00f9 h\u1ee3p v\u1edbi c\u00e1c c\u01a1 \u0111\u1ecba kh\u00f4ng qu\u00e1 nh\u1ea1y c\u1ea3m v\u00e0 y\u00eau th\u00edch s\u01b0u t\u1ea7m nh\u1eefng m\u00f3n \u0111\u1ed3 l\u00e2u b\u1ec1n v\u1edbi th\u1eddi gian. SBJ khuy\u1ebfn kh\u00edch kh\u00e1ch h\u00e0ng s\u1eed d\u1ee5ng ch\u1ea5t li\u1ec7u th\u00e9p kh\u00f4ng g\u1ec9 cho c\u00e1c l\u1ed7 x\u1ecf \u0111\u00e3 l\u00e0nh.<\/p>\n<p>Th\u00e9p kh\u00f4ng g\u1ec9 m\u1ea1 m\u00e0u (v\u00e0ng, \u0111en,\u2026) ch\u1ea5t li\u1ec7u n\u1ec1n v\u1eabn l\u00e0 th\u00e9p, \u0111\u01b0\u1ee3c ph\u1ee7 m\u1ed9t l\u1edbp m\u00e0u b\u00ean ngo\u00e0i, n\u00ean sau m\u1ed9t th\u1eddi gian s\u1eed d\u1ee5ng l\u1edbp m\u00e0u m\u1ea1 s\u1ebd m\u00f2n d\u1ea7n v\u00e0 nh\u1ea1t m\u00e0u \u0111\u1ec3 l\u1ea1i s\u1ea3n ph\u1ea9m v\u1edbi m\u00e0u v\u1ed1n c\u00f3 c\u1ee7a th\u00e9p. Kh\u00f4ng c\u00f3 m\u1ee9c th\u1eddi gian c\u1ed1 \u0111\u1ecbnh n\u00e0o khi n\u00f3i v\u1ec1 s\u1ef1 bay m\u00e0u m\u1ea1. V\u00ec n\u00f3 c\u00f2n ph\u1ee5 thu\u1ed9c v\u00e0o nhi\u1ec1u y\u1ebfu t\u1ed1 nh\u01b0 c\u01a1 \u0111\u1ecba c\u1ee7a ng\u01b0\u1eddi d\u00f9ng, m\u00f4i tr\u01b0\u1eddng, th\u00f3i quen v\u00e0 c\u00e1ch b\u1ea3o qu\u1ea3n khi \u0111eo s\u1ea3n ph\u1ea9m. Trong \u0111i\u1ec1u ki\u1ec7n b\u1ea3o qu\u1ea3n t\u1ed1t t\u1ed1c \u0111\u1ed9 \u0103n m\u00f2n kim lo\u1ea1i s\u1ebd ch\u1eadm \u0111i v\u00e0 kh\u1ea3 n\u0103ng gi\u1eef m\u00e0u c\u1ee7a trang s\u1ee9c c\u00f3 th\u1ec3 l\u00ean \u0111\u1ebfn nhi\u1ec1u n\u0103m. Th\u00e9p m\u1ea1 v\u00e0ng v\u1eabn l\u00e0 Th\u00e9p n\u00ean c\u00e1ch s\u1eed d\u1ee5ng v\u00e0 b\u1ea3o qu\u1ea3n l\u00e0 nh\u01b0 nhau, tuy nhi\u00ean c\u1ea7n b\u1ea3o qu\u1ea3n k\u0129 h\u01a1n \u0111\u1ec3 gi\u1eef \u0111\u01b0\u1ee3c \u0111\u1ed9 b\u1ec1n m\u00e0u.<\/p>\n<p>HDSD: Trang s\u1ee9c th\u00e9p r\u1ea5t c\u1ee9ng, kh\u00f4ng d\u1ec5 b\u1ecb b\u1ebb g\u00e3y hay u\u1ed1n cong nh\u01b0ng s\u1ebd d\u1ec5 tr\u1ea7y, x\u01b0\u1edbc tr\u00ean b\u1ec1 m\u1eb7t v\u00e0 kh\u00f4ng th\u1ec3 s\u1eeda ch\u1eefa, \u0111\u00e1nh b\u00f3ng l\u1ea1i nh\u01b0 ch\u1ea5t li\u1ec7u B\u1ea1c. \u0110\u1ec3 gi\u1eef trang s\u1ee9c \u0111\u01b0\u1ee3c b\u1ec1n h\u01a1n h\u00e3y tr\u00e1nh c\u00e1c ma s\u00e1t tr\u00ean b\u1ec1 m\u1eb7t c\u1ee9ng nh\u01b0 t\u01b0\u1eddng, m\u1eb7t b\u00e0n. V\u00e0 n\u00ean b\u1ea3o qu\u1ea3n trong t\u00fai\/ h\u1ed9p ri\u00eang bi\u1ec7t t\u1eebng s\u1ea3n ph\u1ea9m \u0111\u1ec3 tr\u00e1nh c\u00e1c va ch\u1ea1m. H\u1ea1n ch\u1ebf c\u00e1c ti\u1ebfp x\u00fac v\u1edbi ho\u00e1 ch\u1ea5t, m\u1ef9 ph\u1ea9m, n\u01b0\u1edbc h\u1ed3 b\u01a1i\/ bi\u1ec3n. R\u1eeda trang s\u1ee9c b\u1eb1ng n\u01b0\u1edbc s\u1ea1ch v\u00e0 lau kh\u00f4 b\u1eb1ng kh\u0103n m\u1ec1m \u0111\u1ecbnh k\u1ef3.<\/p>\n<p>*Ch\u00ednh s\u00e1ch b\u1ea3o h\u00e0nh \u1edf ph\u1ea7n h\u00ecnh \u1ea3nh*<\/p>\n<p>#khuyentai #bongtai #trangsuc #phukienthoitrang #khuyencothe #khuyentainam #khuyentainu #khuyentaiunisex #khuyentailaplanh #khuyentaidep #khuyenkep #khuyentai2lo #khuyentaisaigon #khuyentaitphcm #khuyentaida #khuyentaigia #khuyentaihelix #khuyentaivong #khuyen #tai #khuyentaibac #bongtaibac #bac #Simla #SimlaBodyJewelry #caocap #Simlaearring #khuyentaithep #khuyentaicatinh #khuyentron #khuyenbasic #hoatai #phukien #thoi #trang #datrang<\/p>\n","protected":false},"excerpt":{"rendered":"<p>KHUY\u00caN C\u00c1NH M\u0168I CH\u1eee L H\u00ccNH V\u00d4 C\u1ef0C *Ch\u1ec9 d\u00e0nh cho l\u1ed7 x\u1ecf \u0111\u00e3 l\u00e0nh CHI TI\u1ebeT S\u1ea2N PH\u1ea8M: Ch\u1ea5t li\u1ec7u: Th\u00e9p kh\u00f4ng g\u1ec9 &#8211; Stainless steel \u0110\u00e2y c\u0169ng l\u00e0 m\u1ed9t lo\u1ea1i ch\u1ea5t li\u1ec7u ph\u1ed5 bi\u1ebfn trong ng\u00e0nh c\u00f4ng nghi\u1ec7p trang s\u1ee9c. \u0110\u01b0\u1ee3c ch\u1ee9ng minh l\u00e0 r\u1ea5t kh\u00f3 b\u1ecb \u0111en v\u00ec th\u01b0\u1eddng b\u00ean ngo\u00e0i c\u00f3 [&hellip;]<\/p>\n","protected":false},"featured_media":0,"comment_status":"open","ping_status":"closed","template":"","meta":{"_et_pb_use_builder":"","_et_pb_old_content":"","_et_gb_content_width":""},"pwb-brand":[132],"product_brand":[],"product_cat":[38,89],"product_tag":[],"class_list":{"0":"post-5884","1":"product","2":"type-product","3":"status-publish","5":"pwb-brand-simla","6":"product_cat-nostril","7":"product_cat-ss316l","9":"first","10":"instock","11":"shipping-taxable","12":"purchasable","13":"product-type-simple"},"jetpack_sharing_enabled":true,"brands":[{"id":132,"name":"Simla","slug":"simla"}],"_links":{"self":[{"href":"https:\/\/simla-piercing.com\/en\/wp-json\/wp\/v2\/product\/5884","targetHints":{"allow":["GET"]}}],"collection":[{"href":"https:\/\/simla-piercing.com\/en\/wp-json\/wp\/v2\/product"}],"about":[{"href":"https:\/\/simla-piercing.com\/en\/wp-json\/wp\/v2\/types\/product"}],"replies":[{"embeddable":true,"href":"https:\/\/simla-piercing.com\/en\/wp-json\/wp\/v2\/comments?post=5884"}],"wp:attachment":[{"href":"https:\/\/simla-piercing.com\/en\/wp-json\/wp\/v2\/media?parent=5884"}],"wp:term":[{"taxonomy":"pwb-brand","embeddable":true,"href":"https:\/\/simla-piercing.com\/en\/wp-json\/wp\/v2\/pwb-brand?post=5884"},{"taxonomy":"product_brand","embeddable":true,"href":"https:\/\/simla-piercing.com\/en\/wp-json\/wp\/v2\/product_brand?post=5884"},{"taxonomy":"product_cat","embeddable":true,"href":"https:\/\/simla-piercing.com\/en\/wp-json\/wp\/v2\/product_cat?post=5884"},{"taxonomy":"product_tag","embeddable":true,"href":"https:\/\/simla-piercing.com\/en\/wp-json\/wp\/v2\/product_tag?post=5884"}],"curies":[{"name":"wp","href":"https:\/\/api.w.org\/{rel}","templated":true}]}}