{"id":5605,"date":"2026-05-07T06:21:37","date_gmt":"2026-05-07T06:21:37","guid":{"rendered":"https:\/\/simla-piercing.com\/?post_type=product&#038;p=5605"},"modified":"2026-05-07T06:21:38","modified_gmt":"2026-05-07T06:21:38","slug":"khuyen-mong-ngua-charm-da-tron","status":"publish","type":"product","link":"https:\/\/simla-piercing.com\/en\/product\/location\/helix\/khuyen-mong-ngua-charm-da-tron\/","title":{"rendered":"Khuy\u00ean m\u00f3ng ng\u1ef1a charm \u0111\u00e1 tr\u00f2n"},"content":{"rendered":"<p>KHUY\u00caN TAI CH\u1eee C\/ M\u00d3NG NG\u1ef0A CHARM \u0110\u00c1 TR\u00d2N CH\u1ed0T V\u1eb6N TR\u00d2N (CH\u1ed0T NGO\u1ea0I)<\/p>\n<p>\u0110\u1ed9 d\u00e0y th\u00e2n: 20G (0.8mm)<\/p>\n<p>\u0110\u01b0\u1eddng k\u00ednh: 8mm<\/p>\n<p>Ch\u1ea5t li\u1ec7u: Khoen tr\u00f2n b\u1eb1ng Th\u00e9p kh\u00f4ng g\u1ec9 316L _ Charm tr\u00f2n b\u1eb1ng H\u1ee3p kim<\/p>\n<p>Ph\u00f9 h\u1ee3p cho c\u00e1c v\u1ecb tr\u00ed tai \u0111\u00e3 l\u00e0nh.<\/p>\n<p>TH\u00c9P KH\u00d4NG G\u1ec8 x H\u1ee2P KIM<\/p>\n<p>T\u1ea1i SBJ, c\u00f3 nh\u1eefng lo\u1ea1i khuy\u00ean ch\u1ea5t li\u1ec7u l\u00e0 Th\u00e9p kh\u00f4ng g\u1ec9 (Th\u00e2n khuy\u00ean) | H\u1ee3p kim (M\u1eb7t khuy\u00ean), v\u00ec sao l\u1ea1i c\u00f3 hai ch\u1ea5t li\u1ec7u tr\u00ean m\u1ed9t thi\u1ebft k\u1ebf khuy\u00ean?<\/p>\n<p>H\u1ee3p kim l\u00e0 m\u1ed9t lo\u1ea1i dung d\u1ecbch r\u1eafn v\u1edbi s\u1ef1 k\u1ebft h\u1ee3p c\u1ee7a c\u00e1c kim lo\u1ea1i v\u1edbi nhau ho\u1eb7c gi\u1eefa phi kim v\u00e0 kim lo\u1ea1i. V\u00ec v\u1eady, ch\u00fang s\u1ebd c\u00f3 c\u00e1c t\u00ednh ch\u1ea5t nh\u01b0 d\u1eabn \u0111i\u1ec7n, nhi\u1ec7t, b\u1ec1n, \u0111\u1eb7c bi\u1ec7t l\u00e0 \u00e1nh kim,&#8230; nh\u1edd v\u00e0o c\u00e1c t\u00ednh ch\u1ea5t n\u00e0y m\u00e0 h\u1ee3p kim \u0111\u01b0\u1ee3c \u1ee9ng d\u1ee5ng r\u1ed9ng r\u00e3i trong cu\u1ed9c s\u1ed1ng. Trong \u0111\u00f3, h\u1ee3p kim \u0111\u01b0\u1ee3c d\u00f9ng \u0111\u1ec3 l\u00e0m trang s\u1ee9c nh\u1edd t\u00ednh linh ho\u1ea1t trong ch\u1ebf t\u00e1c c\u1ee7a n\u00f3. V\u1eady n\u00ean trang s\u1ee9c t\u1eeb h\u1ee3p kim s\u1ebd l\u00e0m \u0111\u01b0\u1ee3c nhi\u1ec1u m\u1eabu m\u00e3 v\u00e0 ki\u1ec3u d\u00e1ng \u0111a d\u1ea1ng h\u01a1n Th\u00e9p hay Titanium. Tuy nhi\u00ean s\u1ebd c\u00f3 nguy c\u01a1 g\u00e2y k\u00edch \u1ee9ng v\u00e0 b\u1ecb x\u1ec9n m\u00e0u sau m\u1ed9t th\u1eddi gian s\u1eed d\u1ee5ng. L\u00fd do trang s\u1ee9c v\u1edbi ph\u1ea7n th\u00e2n khuy\u00ean \u0111\u01b0\u1ee3c l\u00e0m t\u1eeb th\u00e9p kh\u00f4ng g\u1ec9 \u0111\u1ec3 h\u1ea1n ch\u1ebf nguy c\u01a1 g\u00e2y k\u00edch \u1ee9ng. C\u00f2n ph\u1ea7n m\u1eb7t khuy\u00ean l\u00e0m t\u1eeb H\u1ee3p kim _ ch\u1ec9 n\u1eb1m tr\u00ean b\u1ec1 m\u1eb7t da n\u00ean ch\u00fang s\u1ebd kh\u00f4ng g\u00e2y h\u1ea1i cho ng\u01b0\u1eddi d\u00f9ng. L\u01b0u \u00fd: ch\u1ec9 s\u1eed d\u1ee5ng trang s\u1ee9c ch\u1ea5t li\u1ec7u n\u00e0y cho c\u00e1c l\u1ed7 x\u1ecf \u0111\u00e3 l\u00e0nh.<\/p>\n<p>Do t\u00e1c \u0111\u1ed9ng c\u1ee7a c\u00e1c y\u1ebfu t\u1ed1 b\u00ean ngo\u00e0i _ nh\u01b0 c\u01a1 \u0111\u1ecba m\u1ed7i ng\u01b0\u1eddi v\u00e0 kh\u00f4ng kh\u00ed m\u00f4i tr\u01b0\u1eddng m\u00e0 qu\u00e1 tr\u00ecnh x\u1ec9n m\u00e0u s\u1ebd kh\u00e1c nhau (m\u1ed3 h\u00f4i mu\u1ed1i s\u1ebd l\u00e0m trang s\u1ee9c x\u1ec9n m\u00e0u nhanh h\u01a1n), kh\u00f4ng c\u00f3 quy \u0111\u1ecbnh c\u1ee5 th\u1ec3 v\u1ec1 kho\u1ea3ng th\u1eddi gian n\u00e0y. \u0110\u1ec3 gi\u1eef \u0111\u1ed3 trang s\u1ee9c c\u1ee7a b\u1ea1n b\u1ec1n h\u01a1n, c\u00f3 th\u1ec3 r\u1eeda b\u1eb1ng n\u01b0\u1edbc \u1ea5m v\u00e0 x\u00e0 ph\u00f2ng r\u1eeda ch\u00e9n ho\u1eb7c d\u00f9ng b\u00e0n ch\u1ea3i m\u1ec1m ch\u00e0 nh\u1eb9 v\u1edbi kem \u0111\u00e1nh r\u0103ng. Sau \u0111\u00f3 lau kh\u00f4 b\u1eb1ng v\u1ea3i m\u1ec1m. Khi kh\u00f4ng s\u1eed d\u1ee5ng, l\u01b0u tr\u1eef trang s\u1ee9c \u1edf n\u01a1i kh\u00f4 r\u00e1o, trong t\u00fai k\u00edn. Tr\u00e1nh \u0111\u1ec3 trang s\u1ee9c ti\u1ebfp x\u00fac v\u1edbi ho\u00e1 ch\u1ea5t, m\u1ef9 ph\u1ea9m, n\u01b0\u1edbc h\u1ed3 b\u01a1i\/ bi\u1ec3n.<\/p>\n<p>N\u1ebfu b\u1ea1n l\u00e0 m\u1ed9t t\u00edn \u0111\u1ed3 th\u1eddi trang v\u00e0 hay thay \u0111\u1ed5i c\u00e1c m\u00f3n ph\u1ee5 ki\u1ec7n th\u00ec trang s\u1ee9c t\u1eeb h\u1ee3p kim l\u00e0 m\u1ed9t l\u1ef1a ch\u1ecdn l\u00fd t\u01b0\u1edfng cho b\u1ea1n. V\u1edbi gi\u00e1 th\u00e0nh th\u1ea5p nh\u01b0ng m\u1eabu m\u00e3 v\u1eabn r\u1ea5t tinh t\u1ebf v\u00e0 thu h\u00fat.<\/p>\n<p>*Ch\u00ednh s\u00e1ch b\u1ea3o h\u00e0nh \u1edf ph\u1ea7n h\u00ecnh \u1ea3nh*<\/p>\n<p>#khuyentai #bongtai #trangsuc #phukienthoitrang #khuyencothe #khuyentainam #khuyentainu #khuyentaiunisex #khuyentailaplanh #khuyentaidep #khuyenkep #khuyentai2lo #khuyentaisaigon #khuyentaitphcm #khuyentaida #khuyentaigia #khuyentaihelix #khuyentaivong #khuyen #tai #khuyentaibac #bongtaibac #bac #Simla #SimlaBodyJewelry #caocap #Simlaearring #khuyentaithep #khuyentaicatinh #khuyentron #khuyenbasic #hoatai #phukien #thoi #trang #datrang<\/p>\n","protected":false},"excerpt":{"rendered":"<p>KHUY\u00caN TAI CH\u1eee C\/ M\u00d3NG NG\u1ef0A CHARM \u0110\u00c1 TR\u00d2N CH\u1ed0T V\u1eb6N TR\u00d2N (CH\u1ed0T NGO\u1ea0I) \u0110\u1ed9 d\u00e0y th\u00e2n: 20G (0.8mm) \u0110\u01b0\u1eddng k\u00ednh: 8mm Ch\u1ea5t li\u1ec7u: Khoen tr\u00f2n b\u1eb1ng Th\u00e9p kh\u00f4ng g\u1ec9 316L _ Charm tr\u00f2n b\u1eb1ng H\u1ee3p kim Ph\u00f9 h\u1ee3p cho c\u00e1c v\u1ecb tr\u00ed tai \u0111\u00e3 l\u00e0nh. TH\u00c9P KH\u00d4NG G\u1ec8 x H\u1ee2P KIM T\u1ea1i SBJ, c\u00f3 [&hellip;]<\/p>\n","protected":false},"featured_media":5606,"comment_status":"open","ping_status":"closed","template":"","meta":{"_et_pb_use_builder":"","_et_pb_old_content":"","_et_gb_content_width":""},"pwb-brand":[132],"product_brand":[],"product_cat":[30,41,29,38,89],"product_tag":[],"class_list":{"0":"post-5605","1":"product","2":"type-product","3":"status-publish","4":"has-post-thumbnail","6":"pwb-brand-simla","7":"product_cat-helix","8":"product_cat-lip","9":"product_cat-lobe","10":"product_cat-nostril","11":"product_cat-ss316l","13":"first","14":"instock","15":"shipping-taxable","16":"purchasable","17":"product-type-simple"},"jetpack_sharing_enabled":true,"brands":[{"id":132,"name":"Simla","slug":"simla"}],"_links":{"self":[{"href":"https:\/\/simla-piercing.com\/en\/wp-json\/wp\/v2\/product\/5605","targetHints":{"allow":["GET"]}}],"collection":[{"href":"https:\/\/simla-piercing.com\/en\/wp-json\/wp\/v2\/product"}],"about":[{"href":"https:\/\/simla-piercing.com\/en\/wp-json\/wp\/v2\/types\/product"}],"replies":[{"embeddable":true,"href":"https:\/\/simla-piercing.com\/en\/wp-json\/wp\/v2\/comments?post=5605"}],"wp:featuredmedia":[{"embeddable":true,"href":"https:\/\/simla-piercing.com\/en\/wp-json\/wp\/v2\/media\/5606"}],"wp:attachment":[{"href":"https:\/\/simla-piercing.com\/en\/wp-json\/wp\/v2\/media?parent=5605"}],"wp:term":[{"taxonomy":"pwb-brand","embeddable":true,"href":"https:\/\/simla-piercing.com\/en\/wp-json\/wp\/v2\/pwb-brand?post=5605"},{"taxonomy":"product_brand","embeddable":true,"href":"https:\/\/simla-piercing.com\/en\/wp-json\/wp\/v2\/product_brand?post=5605"},{"taxonomy":"product_cat","embeddable":true,"href":"https:\/\/simla-piercing.com\/en\/wp-json\/wp\/v2\/product_cat?post=5605"},{"taxonomy":"product_tag","embeddable":true,"href":"https:\/\/simla-piercing.com\/en\/wp-json\/wp\/v2\/product_tag?post=5605"}],"curies":[{"name":"wp","href":"https:\/\/api.w.org\/{rel}","templated":true}]}}