{"id":4847,"date":"2026-04-28T07:00:18","date_gmt":"2026-04-28T07:00:18","guid":{"rendered":"https:\/\/simla-piercing.com\/?post_type=product&#038;p=4847"},"modified":"2026-04-28T07:06:52","modified_gmt":"2026-04-28T07:06:52","slug":"khuyen-ron-da-mini","status":"publish","type":"product","link":"https:\/\/simla-piercing.com\/en\/product\/location\/navel\/khuyen-ron-da-mini\/","title":{"rendered":"Khuy\u00ean r\u1ed1n \u0111\u00e1 mini ch\u1ed1t n\u1ed9i"},"content":{"rendered":"<p>KHUY\u00caN R\u1ed0N CH\u1ed0T N\u1ed8I \u0110\u00c1 CZ NHI\u1ec0U M\u00c0U CH\u1ea4T LI\u1ec6U CAO C\u1ea4P NH\u1eacP KH\u1ea8U M\u1ef8<\/p>\n<p>An to\u00e0n cho da, ph\u00f9 h\u1ee3p v\u1edbi l\u1ed7 x\u1ecf m\u1edbi<\/p>\n<p>\u0110\u1ed9 d\u00e0y th\u00e2n: 14G (1.6mm)<\/p>\n<p>Chi\u1ec1u d\u00e0i th\u00e2n: 10mm<\/p>\n<p>Size nh\u1ecf: Bi \u0111\u00e1 size 4mm\/6mm (Size c\u01a1 b\u1ea3n: Bi \u0111\u00e1 size 5mm\/8mm)<\/p>\n<p>CH\u1ea4T LI\u1ec6U C\u1ea4P C\u1ea4Y GH\u00c9P<\/p>\n<p>M\u1ed9t trong nh\u1eefng \u0111i\u1ec1u m\u00e0 ch\u00fang ta th\u01b0\u1eddng xuy\u00ean nghe th\u1ea5y v\u1ec1 x\u1ecf khuy\u00ean l\u00e0 \u201cTh\u00e9p ph\u1eabu thu\u1eadt \u2013 Surgical Steel\u201d. Nh\u01b0ng n\u00f3 c\u00f3 ngh\u0129a l\u00e0 g\u00ec? Th\u00e9p ph\u1eabu thu\u1eadt l\u00e0 m\u1ed9t thu\u1eadt ng\u1eef chung th\u01b0\u1eddng \u0111\u01b0\u1ee3c d\u00f9ng \u0111\u1ec3 ch\u1ec9 b\u1ea5t k\u00ec lo\u1ea1i th\u00e9p n\u00e0o s\u1eed d\u1ee5ng trong c\u00e1c quy tr\u00ecnh y t\u1ebf ho\u1eb7c sinh h\u1ecdc. C\u00e1c nh\u00e0 s\u1ea3n xu\u1ea5t, c\u00f4ng ty c\u00f3 th\u1ec3 s\u1eed d\u1ee5ng thu\u1eadt ng\u1eef n\u00e0y \u0111\u1ec3 m\u00f4 t\u1ea3 nhi\u1ec1u lo\u1ea1i th\u00e9p ch\u1ed1ng \u0103n m\u00f2n nh\u01b0 n\u1ed3i, ch\u1ea3o, tay n\u1eafm c\u1eeda,&#8230; Nh\u01b0ng kh\u00f4ng c\u00f3 \u0111\u1ecbnh ngh\u0129a c\u1ee5 th\u1ec3 ho\u1eb7c ti\u00eau chu\u1ea9n ch\u00ednh th\u1ee9c \u0111\u1ec3 quy \u0111\u1ecbnh h\u00e0m l\u01b0\u1ee3ng kim lo\u1ea1i n\u00e0o \u0111\u01b0\u1ee3c s\u1eed d\u1ee5ng cho Th\u00e9p ph\u1eabu thu\u1eadt. \u201cPh\u1eabu Thu\u1eadt\u201d nghe c\u00f3 v\u1ebb nh\u01b0 l\u00e0 an to\u00e0n, nh\u01b0ng l\u1ea1i l\u00e0 m\u1ed9t thu\u1eadt ng\u1eef g\u00e2y hi\u1ec3u l\u1ea7m v\u00e0 kh\u00f4ng r\u00f5 r\u00e0ng.<\/p>\n<p>T\u1ea1i Simla Piercing, trang s\u1ee9c ch\u00fang t\u00f4i s\u1eed d\u1ee5ng l\u00e0 Implant Grade, c\u00f3 ngh\u0129a l\u00e0 6AL4V_ELI ASTM_F136 \u0111\u1ed1i v\u1edbi titanium v\u00e0 ASTM F_138 316_LVM \u0111\u1ed1i v\u1edbi th\u00e9p. ASTM l\u00e0 m\u1ed9t t\u1ed5 ch\u1ee9c \u0111\u01b0a ra c\u00e1c ti\u00eau chu\u1ea9n cho nhi\u1ec1u lo\u1ea1i v\u1eadt li\u1ec7u c\u00f3 m\u1ee5c \u0111\u00edch y t\u1ebf v\u00e0 y sinh. Th\u00f4ng s\u1ed1 k\u1ef9 thu\u1eadt \u201cF\u201d ch\u1ec9 c\u00e1c kim lo\u1ea1i \u0111\u01b0\u1ee3c s\u1eed d\u1ee5ng trong c\u00e1c \u1ee9ng d\u1ee5ng y t\u1ebf. \u201cVM\u201d l\u00e0 vi\u1ebft t\u1eaft c\u1ee7a t\u1eeb vaccum_melted l\u00e0 n\u1ea5u ch\u1ea3y ch\u00e2n kh\u00f4ng, c\u00f3 ngh\u0129a l\u00e0 kim lo\u1ea1i \u0111\u00e3 \u0111\u01b0\u1ee3c n\u1ea5u ch\u1ea3y ho\u1eb7c h\u1ee3p kim ho\u00e1 ch\u00e2n kh\u00f4ng, do \u0111\u00f3 h\u1ea1n ch\u1ebf \u0111\u01b0\u1ee3c c\u00e1c ch\u1ea5t g\u00e2y \u00f4 nhi\u1ec5m b\u00ean ngo\u00e0i. Qu\u00e1 tr\u00ecnh n\u00e0y kh\u00f4ng ch\u1ec9 lo\u1ea1i b\u1ecf c\u00e1c t\u1ea1p ch\u1ea5t trong kim lo\u1ea1i m\u00e0 c\u00f2n l\u00e0m kim lo\u1ea1i tr\u1edf n\u00ean tinh khi\u1ebft h\u01a1n. \u201cELI\u201d trong titanium l\u00e0 vi\u1ebft t\u1eaft c\u1ee7a Extra Low Interstitial _ m\u1ed9t lo\u1ea1i kim lo\u1ea1i c\u1ee9ng h\u01a1n th\u01b0\u1eddng \u0111\u01b0\u1ee3c s\u1eed d\u1ee5ng trong c\u1ea5y gh\u00e9p y t\u1ebf l\u00e2u d\u00e0i nh\u01b0 ph\u1eabu thu\u1eadt c\u1ed9t s\u1ed1ng, s\u1eeda ch\u1eefa h\u00f4ng v\u00e0 kh\u1edbp. Ch\u1ea5t li\u1ec7u c\u1ea5p c\u1ea5y gh\u00e9p ph\u1ea3i \u0111\u00e1p \u1ee9ng c\u00e1c ti\u00eau chu\u1ea9n n\u00e0y c\u1ee7a ASTM.<\/p>\n<p>Trang s\u1ee9c c\u1ea5p c\u1ea5y gh\u00e9p l\u00e0 l\u1ef1a ch\u1ecdn h\u00e0ng \u0111\u1ea7u cho l\u1ed7 x\u1ecf c\u1ee7a b\u1ea1n _ \u0111\u1eb7t bi\u1ec7t \u0111\u1ed1i v\u1edbi nh\u1eefng l\u1ed7 x\u1ecf m\u1edbi v\u00ec n\u00f3 c\u00f3 t\u00ednh t\u01b0\u01a1ng th\u00edch sinh h\u1ecdc (c\u00f3 ngh\u0129a l\u00e0 c\u01a1 th\u1ec3 c\u1ee7a b\u1ea1n s\u1ebd kh\u00f4ng coi n\u00f3 nh\u01b0 v\u1eadt th\u1ec3 l\u1ea1 v\u00e0 h\u00ecnh th\u00e0nh ph\u1ea3n \u1ee9ng ch\u1ed1ng l\u1ea1i n\u00f3. V\u00ed d\u1ee5 nh\u01b0 hi\u1ec7n t\u01b0\u1ee3ng \u0111\u00e0o th\u1ea3i khuy\u00ean).<\/p>\n<p>Th\u00e9p c\u1ea5y gh\u00e9p (ASTM F_138 316_LVM) l\u00e0 l\u1ef1a ch\u1ecdn t\u1ed1t cho nh\u1eefng ng\u01b0\u1eddi b\u1ecb d\u1ecb \u1ee9ng, tr\u1eeb tr\u01b0\u1eddng h\u1ee3p nh\u1eefng c\u01a1 \u0111\u1ecba qu\u00e1 m\u1eabn c\u1ea3m th\u00ec n\u00ean s\u1eed d\u1ee5ng Titanium c\u1ea5y gh\u00e9p (ASTM_F136 ELI) do tr\u1ecdng l\u01b0\u1ee3ng nh\u1eb9 (tuy l\u00e0 kim lo\u1ea1i c\u1ee9ng h\u01a1n th\u00e9p nh\u01b0ng l\u1ea1i nh\u1eb9 h\u01a1n kho\u1ea3ng 45%) v\u00e0 th\u00e2n thi\u1ec7n v\u1edbi c\u01a1 th\u1ec3 v\u00ec n\u00f3 h\u1ea7u nh\u01b0 kh\u00f4ng ch\u1ee9a niken.<\/p>\n<p>*Ch\u00ednh s\u00e1ch b\u1ea3o h\u00e0nh \u1edf ph\u1ea7n h\u00ecnh \u1ea3nh*<\/p>\n<p>#khuyentai #bongtai #trangsuc #phukienthoitrang #khuyencothe #khuyentainam #khuyentainu #khuyentaiunisex #khuyentailaplanh #khuyentaidep #khuyenkep #khuyentai2lo #khuyentaisaigon #khuyentaitphcm #khuyentaida #khuyentaigia #khuyentaihelix #khuyentaivong #khuyen #tai #khuyentaibac #bongtaibac #bac #Simla #SimlaBodyJewelry #caocap #Simlaearring #khuyentaithep #khuyentaicatinh #khuyentron #khuyenbasic #hoatai #phukien #thoi #trang #datrang<\/p>\n","protected":false},"excerpt":{"rendered":"<p>KHUY\u00caN R\u1ed0N CH\u1ed0T N\u1ed8I \u0110\u00c1 CZ NHI\u1ec0U M\u00c0U CH\u1ea4T LI\u1ec6U CAO C\u1ea4P NH\u1eacP KH\u1ea8U M\u1ef8 An to\u00e0n cho da, ph\u00f9 h\u1ee3p v\u1edbi l\u1ed7 x\u1ecf m\u1edbi \u0110\u1ed9 d\u00e0y th\u00e2n: 14G (1.6mm) Chi\u1ec1u d\u00e0i th\u00e2n: 10mm Size nh\u1ecf: Bi \u0111\u00e1 size 4mm\/6mm (Size c\u01a1 b\u1ea3n: Bi \u0111\u00e1 size 5mm\/8mm) CH\u1ea4T LI\u1ec6U C\u1ea4P C\u1ea4Y GH\u00c9P M\u1ed9t trong nh\u1eefng [&hellip;]<\/p>\n","protected":false},"featured_media":4862,"comment_status":"open","ping_status":"closed","template":"","meta":{"_et_pb_use_builder":"","_et_pb_old_content":"","_et_gb_content_width":""},"pwb-brand":[132],"product_brand":[],"product_cat":[44,88],"product_tag":[],"class_list":{"0":"post-4847","1":"product","2":"type-product","3":"status-publish","4":"has-post-thumbnail","6":"pwb-brand-simla","7":"product_cat-navel","8":"product_cat-steel-implant","10":"first","11":"instock","12":"shipping-taxable","13":"purchasable","14":"product-type-variable"},"jetpack_sharing_enabled":true,"brands":[{"id":132,"name":"Simla","slug":"simla"}],"_links":{"self":[{"href":"https:\/\/simla-piercing.com\/en\/wp-json\/wp\/v2\/product\/4847","targetHints":{"allow":["GET"]}}],"collection":[{"href":"https:\/\/simla-piercing.com\/en\/wp-json\/wp\/v2\/product"}],"about":[{"href":"https:\/\/simla-piercing.com\/en\/wp-json\/wp\/v2\/types\/product"}],"replies":[{"embeddable":true,"href":"https:\/\/simla-piercing.com\/en\/wp-json\/wp\/v2\/comments?post=4847"}],"wp:featuredmedia":[{"embeddable":true,"href":"https:\/\/simla-piercing.com\/en\/wp-json\/wp\/v2\/media\/4862"}],"wp:attachment":[{"href":"https:\/\/simla-piercing.com\/en\/wp-json\/wp\/v2\/media?parent=4847"}],"wp:term":[{"taxonomy":"pwb-brand","embeddable":true,"href":"https:\/\/simla-piercing.com\/en\/wp-json\/wp\/v2\/pwb-brand?post=4847"},{"taxonomy":"product_brand","embeddable":true,"href":"https:\/\/simla-piercing.com\/en\/wp-json\/wp\/v2\/product_brand?post=4847"},{"taxonomy":"product_cat","embeddable":true,"href":"https:\/\/simla-piercing.com\/en\/wp-json\/wp\/v2\/product_cat?post=4847"},{"taxonomy":"product_tag","embeddable":true,"href":"https:\/\/simla-piercing.com\/en\/wp-json\/wp\/v2\/product_tag?post=4847"}],"curies":[{"name":"wp","href":"https:\/\/api.w.org\/{rel}","templated":true}]}}