{"id":3561,"date":"2026-03-31T04:12:57","date_gmt":"2026-03-31T04:12:57","guid":{"rendered":"https:\/\/simla-piercing.com\/?post_type=product&#038;p=3561"},"modified":"2026-03-31T04:12:57","modified_gmt":"2026-03-31T04:12:57","slug":"top-khuyen-tai-ran-trang","status":"publish","type":"product","link":"https:\/\/simla-piercing.com\/en\/product\/location\/conch\/top-khuyen-tai-ran-trang\/","title":{"rendered":"Top khuy\u00ean tai r\u1eafn tr\u0103ng"},"content":{"rendered":"<p>+ B\u1ea2O H\u00c0NH TR\u1eaeNG S\u00c1NG TR\u1eccN \u0110\u1edcI<\/p>\n<p>+ T\u1eb6NG 1 L\u1ea6N \u0110I\u1ec6N PH\u00c2N \u0110\u1ed4I M\u00c0U MI\u1ec4N PH\u00cd KHI MUA S\u1ea2N PH\u1ea8M KHUY\u00caN TITANIUM<\/p>\n<p>+ T\u1eb6NG TH\u00c2N KHUY\u00caN 16G &#8211; KH\u00c1CH VUI L\u00d2NG GHI CH\u00da \u0110\u1ed8 D\u00c0I MONG MU\u1ed0N (6mm\/8mm)<\/p>\n<p>Size m\u1eb7t khuy\u00ean: 16G (1.2mm) (Ch\u1ed1t n\u1ed9i)<\/p>\n<p>Ph\u00f9 h\u1ee3p cho l\u1ed7 x\u1ecf m\u1edbi. An to\u00e0n cho da nh\u1ea1y c\u1ea3m. B\u1ec1n m\u00e0u, kh\u00f4ng teng g\u1ec9.<\/p>\n<p>M\u1ee9c gi\u00e1 tr\u00ean s\u00e0n c\u00f3 th\u1ec3 kh\u00e1c nh\u1eb9 do ch\u00ednh s\u00e1ch t\u1eebng k\u00eanh.<\/p>\n<p>Simla khuy\u1ebfn kh\u00edch b\u1ea1n gh\u00e9 tr\u1ef1c ti\u1ebfp \u0111\u1ec3 tr\u1ea3i nghi\u1ec7m v\u00e0 c\u1ea3m nh\u1eadn s\u1ea3n ph\u1ea9m th\u1ef1c t\u1ebf.<\/p>\n<p>CH\u1ea4T LI\u1ec6U: TITANIUM C\u1ea4P C\u1ea4Y GH\u00c9P<\/p>\n<p>Titanium c\u1ea5p c\u1ea5y gh\u00e9p t\u1ea1i Simla Piercing &amp; Jewelry ph\u00f9 h\u1ee3p v\u1edbi ti\u00eau chu\u1ea9n ASTM v\u00e0 l\u00e0 kim lo\u1ea1i g\u1ea7n nh\u01b0 100% kh\u00f4ng g\u00e2y d\u1ecb \u1ee9ng. Th\u00f4ng s\u1ed1 c\u1ee5 th\u1ec3 l\u00e0 Titanium 6Al_4V_Eli ASTM F_136.<\/p>\n<p>\u25aa\ufe0fC\u00f3 t\u00ednh t\u01b0\u01a1ng th\u00edch sinh h\u1ecdc. Gi\u00fap gi\u1ea3m thi\u1ec3u c\u00e1c v\u1ea5n \u0111\u1ec1 khi x\u1ecf khuy\u00ean \u0111\u1ec3 qu\u00e1 tr\u00ecnh l\u00e0nh thu\u1eadn l\u1ee3i h\u01a1n.<\/p>\n<p>\u25aa\ufe0fTitanium c\u00f2n c\u00f3 th\u1ec3 \u0111\u01b0\u1ee3c s\u1eed d\u1ee5ng l\u00e2u d\u00e0i trong c\u01a1 th\u1ec3. Kh\u00f4ng g\u00e2y ra m\u00f9i khi ti\u1ebfp x\u00fac v\u1edbi d\u1ecbch ti\u1ebft ra t\u1eeb l\u1ed7 x\u1ecf m\u1edbi ho\u1eb7c ngay c\u1ea3 nh\u1eefng l\u1ed7 x\u1ecf l\u00e2u n\u0103m.<\/p>\n<p>\u25aa\ufe0fTitanium c\u1ee9ng h\u01a1n th\u00e9p, nh\u01b0ng l\u1ea1i nh\u1eb9 h\u01a1n kho\u1ea3ng 45%. \u0110\u00e2y c\u0169ng l\u00e0 m\u1ed9t trong nh\u1eefng \u01b0u \u0111i\u1ec3m c\u1ee7a ch\u1ea5t li\u1ec7u n\u00e0y, tr\u1ecdng l\u01b0\u1ee3ng khuy\u00ean c\u00e0ng nh\u1eb9 th\u00ec s\u1ebd c\u00e0ng gi\u1ea3m b\u1edbt \u00e1p l\u1ef1c cho l\u1ed7 x\u1ecf.<\/p>\n<p>\u25aa\ufe0fC\u00f3 th\u1ec3 \u0111\u01b0\u1ee3c kh\u1eed tr\u00f9ng trong n\u1ed3i h\u1ea5p.<\/p>\n<p>\u25aa\ufe0fL\u00e0 ch\u1ea5t li\u1ec7u an to\u00e0n v\u00e0 l\u00fd t\u01b0\u1edfng cho nh\u1eefng c\u01a1 \u0111\u1ecba nh\u1ea1y c\u1ea3m ho\u1eb7c d\u1ecb \u1ee9ng v\u1edbi c\u00e1c ch\u1ea5t li\u1ec7u kim lo\u1ea1i kh\u00e1c.<\/p>\n<p>\u25aa\ufe0fKh\u00f4ng b\u1ecb oxy ho\u00e1 \/ \u0103n m\u00f2n \/ ph\u1ea3n \u1ee9ng v\u1edbi \u00e1nh s\u00e1ng m\u1eb7t tr\u1eddi \/ r\u1ec9 s\u00e9t trong \u0111i\u1ec1u ki\u1ec7n s\u1eed d\u1ee5ng b\u00ecnh th\u01b0\u1eddng.<\/p>\n<p>\u25aa\ufe0fKh\u00f4ng d\u1ec5 b\u1ecb n\u1ee9t g\u00e3y \/ u\u1ed1n cong \/ tr\u1ea7y x\u01b0\u1edbc v\u00ec n\u00f3 l\u00e0 kim lo\u1ea1i r\u1ea5t b\u1ec1n.<\/p>\n<p>\u25aa\ufe0fNgo\u00e0i ra, titan c\u00f3 th\u1ec3 \u0111\u01b0\u1ee3c \u0111i\u1ec7n ph\u00e2n ho\u00e1 t\u1ea1o ra nhi\u1ec1u m\u00e0u s\u1eafc kh\u00e1c nhau nh\u01b0 h\u1ed3ng, xanh, t\u00edm, v\u00e0ng,&#8230;<\/p>\n<p>\u0110I\u1ec6N PH\u00c2N L\u00c0 G\u00cc ?<\/p>\n<p>Anodizing titanium l\u00e0 m\u1ed9t qu\u00e1 tr\u00ecnh t\u00e1c \u0111\u1ed9ng d\u00f2ng \u0111i\u1ec7n \u0111\u1ec3 \u0111i\u1ec1u ch\u1ec9nh m\u1ee9c \u0111\u1ed9 oxit tr\u00ean b\u1ec1 m\u1eb7t kim lo\u1ea1i l\u00e0m thay \u0111\u1ed5i quang ph\u1ed5 \u00e1nh s\u00e1ng. \u0110\u00e2y kh\u00f4ng ph\u1ea3i l\u00e0 m\u1ed9t l\u1edbp m\u1ea1 m\u00e0u, c\u0169ng kh\u00f4ng ph\u1ea3i m\u00e0u nhu\u1ed9m. D\u00f2ng \u0111i\u1ec7n ch\u1ea1y qua kim lo\u1ea1i trong b\u1ec3 \u0111i\u1ec7n ph\u00e2n, ki\u1ec3m so\u00e1t s\u1ef1 chuy\u1ec3n \u0111\u1ed5i m\u00e0u s\u1eafc. Do \u0111\u00f3, tr\u1ea1ng th\u00e1i v\u00e0 t\u00ednh ch\u1ea5t c\u1ee7a kim lo\u1ea1i c\u00f9ng v\u1edbi c\u00e1c \u0111\u1eb7c t\u00ednh sinh h\u1ecdc kh\u00f4ng b\u1ecb \u1ea3nh h\u01b0\u1edfng. Titanium c\u00f3 th\u1ec3 \u0111\u01b0\u1ee3c \u0111i\u1ec7n ph\u00e2n ho\u00e1 th\u00e0nh nhi\u1ec1u m\u00e0u s\u1eafc phong ph\u00fa (tr\u1eeb \u0111\u1ecf v\u00e0 \u0111en). M\u00e0u \u0111i\u1ec7n ph\u00e2n ho\u00e0n to\u00e0n an to\u00e0n v\u00e0 l\u00e0nh t\u00ednh. C\u00e1c s\u1ea3n ph\u1ea9m \u0111\u00e3 \u0111i\u1ec7n ph\u00e2n c\u00f3 th\u1eddi gian s\u1eed d\u1ee5ng kh\u00e1 l\u00e2u b\u1ec1n, c\u00f3 th\u1ec3 l\u00ean \u0111\u1ebfn v\u00e0i n\u0103m d\u01b0\u1edbi \u0111i\u1ec1u ki\u1ec7n s\u1eed d\u1ee5ng b\u00ecnh th\u01b0\u1eddng.<\/p>\n<p>*L\u01b0u \u00fd: Ch\u1ec9 c\u00f3 th\u1ec3 \u0111i\u1ec7n ph\u00e2n \u0111\u1ed5i m\u00e0u v\u1edbi c\u00e1c s\u1ea3n ph\u1ea9m titanium c\u00f3 m\u00e0u kim lo\u1ea1i nguy\u00ean thu\u1ef7. S\u1ea3n ph\u1ea9m \u0111\u00e3 \u0111i\u1ec7n ph\u00e2n s\u1ebd kh\u00f4ng th\u1ec3 tr\u1edf l\u1ea1i m\u00e0u s\u1eafc ban \u0111\u1ea7u.<\/p>\n<p>Nh\u01b0\u1ee3c \u0111i\u1ec3m c\u1ee7a Titanium l\u00e0 gi\u00e1 th\u00e0nh cao h\u01a1n so v\u1edbi c\u00e1c ch\u1ea5t li\u1ec7u kh\u00e1c. M\u00e0u kim lo\u1ea1i c\u1ee7a n\u00f3 b\u1ea3n ch\u1ea5t s\u1eadm h\u01a1n th\u00e9p, nghi\u00eang v\u1ec1 tone b\u1ea1c x\u00e1m.<\/p>\n<p>*Ch\u00ednh s\u00e1ch b\u1ea3o h\u00e0nh \u1edf ph\u1ea7n h\u00ecnh \u1ea3nh*<\/p>\n<p>#khuyentai #bongtai #trangsuc #phukienthoitrang #khuyencothe #khuyentainam #khuyentainu #khuyentaiunisex #khuyentailaplanh #khuyentaidep #khuyenkep #khuyentai2lo #khuyentaisaigon #khuyentaitphcm #khuyentaida #khuyentaigia #khuyentaihelix #khuyentaivong #khuyen #tai #khuyentaibac #bongtaibac #bac #Simla #SimlaBodyJewelry #caocap #Simlaearring #khuyentaithep #khuyentaicatinh #khuyentron #khuyenbasic #hoatai #phukien #thoi #trang #datrang<\/p>\n","protected":false},"excerpt":{"rendered":"<p>+ B\u1ea2O H\u00c0NH TR\u1eaeNG S\u00c1NG TR\u1eccN \u0110\u1edcI + T\u1eb6NG 1 L\u1ea6N \u0110I\u1ec6N PH\u00c2N \u0110\u1ed4I M\u00c0U MI\u1ec4N PH\u00cd KHI MUA S\u1ea2N PH\u1ea8M KHUY\u00caN TITANIUM + T\u1eb6NG TH\u00c2N KHUY\u00caN 16G &#8211; KH\u00c1CH VUI L\u00d2NG GHI CH\u00da \u0110\u1ed8 D\u00c0I MONG MU\u1ed0N (6mm\/8mm) Size m\u1eb7t khuy\u00ean: 16G (1.2mm) (Ch\u1ed1t n\u1ed9i) Ph\u00f9 h\u1ee3p cho l\u1ed7 x\u1ecf m\u1edbi. An to\u00e0n cho [&hellip;]<\/p>\n","protected":false},"featured_media":0,"comment_status":"open","ping_status":"closed","template":"","meta":{"_et_pb_use_builder":"","_et_pb_old_content":"","_et_gb_content_width":""},"pwb-brand":[],"product_brand":[],"product_cat":[34,33,30,41,29,38,86,32],"product_tag":[],"class_list":{"0":"post-3561","1":"product","2":"type-product","3":"status-publish","5":"product_cat-conch","6":"product_cat-flat","7":"product_cat-helix","8":"product_cat-lip","9":"product_cat-lobe","10":"product_cat-nostril","11":"product_cat-titanium-implant","12":"product_cat-tragus","14":"first","15":"instock","16":"shipping-taxable","17":"purchasable","18":"product-type-variable"},"jetpack_sharing_enabled":true,"brands":[],"_links":{"self":[{"href":"https:\/\/simla-piercing.com\/en\/wp-json\/wp\/v2\/product\/3561","targetHints":{"allow":["GET"]}}],"collection":[{"href":"https:\/\/simla-piercing.com\/en\/wp-json\/wp\/v2\/product"}],"about":[{"href":"https:\/\/simla-piercing.com\/en\/wp-json\/wp\/v2\/types\/product"}],"replies":[{"embeddable":true,"href":"https:\/\/simla-piercing.com\/en\/wp-json\/wp\/v2\/comments?post=3561"}],"wp:attachment":[{"href":"https:\/\/simla-piercing.com\/en\/wp-json\/wp\/v2\/media?parent=3561"}],"wp:term":[{"taxonomy":"pwb-brand","embeddable":true,"href":"https:\/\/simla-piercing.com\/en\/wp-json\/wp\/v2\/pwb-brand?post=3561"},{"taxonomy":"product_brand","embeddable":true,"href":"https:\/\/simla-piercing.com\/en\/wp-json\/wp\/v2\/product_brand?post=3561"},{"taxonomy":"product_cat","embeddable":true,"href":"https:\/\/simla-piercing.com\/en\/wp-json\/wp\/v2\/product_cat?post=3561"},{"taxonomy":"product_tag","embeddable":true,"href":"https:\/\/simla-piercing.com\/en\/wp-json\/wp\/v2\/product_tag?post=3561"}],"curies":[{"name":"wp","href":"https:\/\/api.w.org\/{rel}","templated":true}]}}