{"id":2451,"date":"2026-01-29T08:59:52","date_gmt":"2026-01-29T08:59:52","guid":{"rendered":"https:\/\/simla-piercing.com\/product\/chua-phan-loai\/top-khuyen-tai-kieu-11\/"},"modified":"2026-03-04T03:34:19","modified_gmt":"2026-03-04T03:34:19","slug":"top-khuyen-tai-kieu-11","status":"publish","type":"product","link":"https:\/\/simla-piercing.com\/en\/product\/location\/conch\/top-khuyen-tai-kieu-11\/","title":{"rendered":"Labret d\u1ea3i \u0111\u00e1"},"content":{"rendered":"<h5 data-start=\"101\" data-end=\"132\">Khuy\u00ean labret d\u1ea3i \u0111\u00e1<\/h5>\n<p data-start=\"134\" data-end=\"303\">Ch\u1ea5t li\u1ec7u: Titanium G23<\/p>\n<p data-start=\"134\" data-end=\"303\"><strong>Cam k\u1ebft kh\u00f4ng \u0111en, kh\u00f4ng teng g\u1ec9<\/strong><br data-start=\"185\" data-end=\"188\" \/><strong>An to\u00e0n cho da nh\u1ea1y c\u1ea3m<\/strong><br data-start=\"238\" data-end=\"241\" \/><strong>\u1ed4n \u0111\u1ecbnh khi \u0111eo l\u00e2u d\u00e0i<\/strong><br data-start=\"268\" data-end=\"271\" \/><strong>B\u1ea3o h\u00e0nh tr\u1eafng s\u00e1ng tr\u1ecdn \u0111\u1eddi<\/strong><\/p>\n<h5 data-start=\"305\" data-end=\"330\">Chi ti\u1ebft k\u1ef9 thu\u1eadt<\/h5>\n<ul data-start=\"331\" data-end=\"416\">\n<li data-start=\"331\" data-end=\"383\">\n<p data-start=\"333\" data-end=\"383\">Ch\u1ed1t n\u1ed9i (<em data-start=\"343\" data-end=\"362\">Internal Threaded<\/em>) | Prong 0.9mm<\/p>\n<\/li>\n<li data-start=\"384\" data-end=\"416\">\n<p data-start=\"386\" data-end=\"416\">T\u01b0\u01a1ng th\u00edch th\u00e2n 18G \/ 16G<\/p>\n<\/li>\n<\/ul>\n<h5 data-start=\"418\" data-end=\"441\">\u01afu \u0111\u00e3i k\u00e8m theo<\/h5>\n<ul data-start=\"442\" data-end=\"538\">\n<li data-start=\"442\" data-end=\"478\">\n<p data-start=\"444\" data-end=\"478\">T\u1eb7ng th\u00e2n khuy\u00ean 16G (1.2mm)<\/p>\n<\/li>\n<li data-start=\"479\" data-end=\"538\">\n<p data-start=\"481\" data-end=\"538\">Kh\u00e1ch vui l\u00f2ng ghi ch\u00fa \u0111\u1ed9 d\u00e0i mong mu\u1ed1n: 6mm ho\u1eb7c 8mm<\/p>\n<\/li>\n<\/ul>\n","protected":false},"excerpt":{"rendered":"<p>Khuy\u00ean labret d\u1ea3i \u0111\u00e1 Ch\u1ea5t li\u1ec7u: Titanium G23 Cam k\u1ebft kh\u00f4ng \u0111en, kh\u00f4ng teng g\u1ec9An to\u00e0n cho da nh\u1ea1y c\u1ea3m\u1ed4n \u0111\u1ecbnh khi \u0111eo l\u00e2u d\u00e0iB\u1ea3o h\u00e0nh tr\u1eafng s\u00e1ng tr\u1ecdn \u0111\u1eddi Chi ti\u1ebft k\u1ef9 thu\u1eadt Ch\u1ed1t n\u1ed9i (Internal Threaded) | Prong 0.9mm T\u01b0\u01a1ng th\u00edch th\u00e2n 18G \/ 16G \u01afu \u0111\u00e3i k\u00e8m theo T\u1eb7ng th\u00e2n khuy\u00ean 16G [&hellip;]<\/p>\n","protected":false},"featured_media":0,"comment_status":"open","ping_status":"closed","template":"","meta":{"_et_pb_use_builder":"","_et_pb_old_content":"","_et_gb_content_width":""},"pwb-brand":[132],"product_brand":[],"product_cat":[34,33,30,41,29,38,87,32],"product_tag":[],"class_list":{"0":"post-2451","1":"product","2":"type-product","3":"status-publish","5":"pwb-brand-simla","6":"product_cat-conch","7":"product_cat-flat","8":"product_cat-helix","9":"product_cat-lip","10":"product_cat-lobe","11":"product_cat-nostril","12":"product_cat-titanium-g23","13":"product_cat-tragus","15":"first","16":"instock","17":"shipping-taxable","18":"purchasable","19":"product-type-simple"},"jetpack_sharing_enabled":true,"brands":[{"id":132,"name":"Simla","slug":"simla"}],"_links":{"self":[{"href":"https:\/\/simla-piercing.com\/en\/wp-json\/wp\/v2\/product\/2451","targetHints":{"allow":["GET"]}}],"collection":[{"href":"https:\/\/simla-piercing.com\/en\/wp-json\/wp\/v2\/product"}],"about":[{"href":"https:\/\/simla-piercing.com\/en\/wp-json\/wp\/v2\/types\/product"}],"replies":[{"embeddable":true,"href":"https:\/\/simla-piercing.com\/en\/wp-json\/wp\/v2\/comments?post=2451"}],"wp:attachment":[{"href":"https:\/\/simla-piercing.com\/en\/wp-json\/wp\/v2\/media?parent=2451"}],"wp:term":[{"taxonomy":"pwb-brand","embeddable":true,"href":"https:\/\/simla-piercing.com\/en\/wp-json\/wp\/v2\/pwb-brand?post=2451"},{"taxonomy":"product_brand","embeddable":true,"href":"https:\/\/simla-piercing.com\/en\/wp-json\/wp\/v2\/product_brand?post=2451"},{"taxonomy":"product_cat","embeddable":true,"href":"https:\/\/simla-piercing.com\/en\/wp-json\/wp\/v2\/product_cat?post=2451"},{"taxonomy":"product_tag","embeddable":true,"href":"https:\/\/simla-piercing.com\/en\/wp-json\/wp\/v2\/product_tag?post=2451"}],"curies":[{"name":"wp","href":"https:\/\/api.w.org\/{rel}","templated":true}]}}